{"id":3094,"date":"2022-06-26T10:55:58","date_gmt":"2022-06-26T08:55:58","guid":{"rendered":"http:\/\/sterkontruimingen.nl\/?page_id=3094"},"modified":"2024-05-27T07:17:15","modified_gmt":"2024-05-27T05:17:15","slug":"expatriate-service","status":"publish","type":"page","link":"https:\/\/sterkontruimingen.nl\/de\/expats-service\/","title":{"rendered":"Expats Dienst"},"content":{"rendered":"<h2 class=\"wp-block-heading\">Hausr\u00e4umung Expats<\/h2>\n\n\n\n<p>Ein besonderer Service f\u00fcr Expats wird von STERK ontruimingen angeboten. Zentral in der Randstad zwischen den Gro\u00dfst\u00e4dten Dordrecht und Rotterdam gelegen, r\u00e4umt dieses Unternehmen H\u00e4user, Wohnungen, Grachtenh\u00e4user, Villen, Reihenh\u00e4user und Einfamilienh\u00e4user f\u00fcr Expats.<\/p>\n\n\n\n<h2 class=\"wp-block-heading\">Unbeschwert auswandern<\/h2>\n\n\n\n<p>F\u00fcr Expats bedeutet eine Entr\u00fcmpelung, dass der restliche Hausrat entfernt und entsorgt wird und das Haus gem\u00e4\u00df den Anforderungen des Vermieters oder K\u00e4ufers sauber \u00fcbergeben wird. Expats profitieren auch vom Komplettservice, den STERK House Clearance anbietet, wie z. B. die Entfernung von Teppichen, Vorh\u00e4ngen und Gardinen. Auf Wunsch f\u00fchrt STERK Evictions auch kleinere Reparaturen f\u00fcr Expats durch, wie das F\u00fcllen von L\u00f6chern in W\u00e4nden, das Entfernen von Laminat oder Parkett oder andere Reparaturarbeiten.<\/p>\n\n\n\n<blockquote class=\"wp-block-quote is-layout-flow wp-block-quote-is-layout-flow\"><p>Mein Mann und ich mussten innerhalb eines Monats nach Dubai umziehen. Als uns das gesagt wurde, wussten wir nicht, wie viel Unordnung wir in der Zeit, in der wir dort leben w\u00fcrden, beseitigen mussten. Wir riefen Strong an und sie kamen innerhalb eines Tages vorbei. Dabei gaben sie uns eine praktische Liste mit Dingen, an die wir beim Umzug und beim Sortieren unserer Sachen denken sollten. Super praktisch (ich habe sie heimlich mitgenommen, wenn wir wieder umziehen m\u00fcssen). Der Kostenvoranschlag war sehr gut (am Ende ging er an den Arbeitgeber). Innerhalb von 1 Woche kamen sie mit einem 5-k\u00f6pfigen Team und luden alles auf. Innerhalb von ein paar Stunden war alles weg und am selben Tag war das Haus genau so, wie es war, als wir einzogen. Zu unserer \u00dcberraschung hatten sie auch den Balkon super aufger\u00e4umt hinterlassen.<\/p><p><\/p><cite>Patricia Kleijne<\/cite><\/blockquote>","protected":false},"excerpt":{"rendered":"<p>House clearance expats Een speciale service voor expats wordt geleverd door STERK ontruimingen. Dit bedrijf, centraal gevestigd in de Randstad tussen de grote steden Dordrecht &amp; Rotterdam, ontruimt woningen, flats, appartementen, grachtenpanden, villa\u2019s, herenhuizen, eengezinswoningen voor expats. Emigreren zonder zorgen Bezemschoon\u00a0ontruimen betekent voor expats dat de overgebleven inboedel wordt opgeruimd en afgevoerd en de woning [&hellip;]<\/p>\n","protected":false},"author":1,"featured_media":3095,"parent":0,"menu_order":0,"comment_status":"closed","ping_status":"closed","template":"","meta":{"inline_featured_image":false,"footnotes":""},"categories":[14],"tags":[],"class_list":["post-3094","page","type-page","status-publish","has-post-thumbnail","hentry","category-landingspaginas"],"blocksy_meta":{"styles_descriptor":{"styles":{"desktop":"","tablet":"","mobile":""},"google_fonts":[],"version":6}},"_links":{"self":[{"href":"https:\/\/sterkontruimingen.nl\/de\/wp-json\/wp\/v2\/pages\/3094","targetHints":{"allow":["GET"]}}],"collection":[{"href":"https:\/\/sterkontruimingen.nl\/de\/wp-json\/wp\/v2\/pages"}],"about":[{"href":"https:\/\/sterkontruimingen.nl\/de\/wp-json\/wp\/v2\/types\/page"}],"author":[{"embeddable":true,"href":"https:\/\/sterkontruimingen.nl\/de\/wp-json\/wp\/v2\/users\/1"}],"replies":[{"embeddable":true,"href":"https:\/\/sterkontruimingen.nl\/de\/wp-json\/wp\/v2\/comments?post=3094"}],"version-history":[{"count":1,"href":"https:\/\/sterkontruimingen.nl\/de\/wp-json\/wp\/v2\/pages\/3094\/revisions"}],"predecessor-version":[{"id":3096,"href":"https:\/\/sterkontruimingen.nl\/de\/wp-json\/wp\/v2\/pages\/3094\/revisions\/3096"}],"wp:featuredmedia":[{"embeddable":true,"href":"https:\/\/sterkontruimingen.nl\/de\/wp-json\/wp\/v2\/media\/3095"}],"wp:attachment":[{"href":"https:\/\/sterkontruimingen.nl\/de\/wp-json\/wp\/v2\/media?parent=3094"}],"wp:term":[{"taxonomy":"category","embeddable":true,"href":"https:\/\/sterkontruimingen.nl\/de\/wp-json\/wp\/v2\/categories?post=3094"},{"taxonomy":"post_tag","embeddable":true,"href":"https:\/\/sterkontruimingen.nl\/de\/wp-json\/wp\/v2\/tags?post=3094"}],"curies":[{"name":"wp","href":"https:\/\/api.w.org\/{rel}","templated":true}]}}