{"id":2468,"date":"2021-12-14T11:38:00","date_gmt":"2021-12-14T10:38:00","guid":{"rendered":"http:\/\/sterkontruimingen.nl\/?page_id=2468"},"modified":"2024-05-27T07:45:39","modified_gmt":"2024-05-27T05:45:39","slug":"treffen","status":"publish","type":"page","link":"https:\/\/sterkontruimingen.nl\/de\/ontmoeting\/","title":{"rendered":"Treffen"},"content":{"rendered":"<h2 class=\"wp-block-heading\">STERK Evacuations ist R\u00e4umungspartner beim Treffen<\/h2>\n\n\n\n<p>Nach dem Tod eines geliebten Menschen sind die n\u00e4chsten Angeh\u00f6rigen daf\u00fcr verantwortlich, mit dem abgeschlossenen Leben abzuschlie\u00dfen. In einer schwierigen Zeit muss nicht nur die Beerdigung, sondern auch die R\u00e4umung des Pflegezimmers kurzfristig geregelt werden. Die Bew\u00e4ltigung dieser Aufgabe ist f\u00fcr die Hinterbliebenen meist eine ungewollte emotionale Achterbahnfahrt (\u00fcberw\u00e4ltigende Erinnerungen) mit Hindernissen (Zeitmangel oder Transport). Auf Wunsch kann STERK R\u00e4umungen die Betreuung \u00fcbernehmen.<\/p>\n\n\n\n<p>STERK Evacuations ist ein R\u00e4umungspartner der Stichting Ontmoeting und hat sich auf die angemessene R\u00e4umung von Pflegezimmern spezialisiert. Wenn du uns mit der R\u00e4umung eines Pflegezimmers beauftragst, hast du die folgenden Garantien:<\/p>\n\n\n\n<ul class=\"wp-block-list\"><li>Wir r\u00e4umen in \u00dcbereinstimmung mit den Anforderungen von Meeting.<\/li><li>Wir verarbeiten Gegenst\u00e4nde aus Zimmern\/Wohnungen respektvoll und nachhaltig.<\/li><li>Wir r\u00e4umen die Pflegezimmer 7 Tage die Woche innerhalb von 48 Stunden.<\/li><li>Wir berechnen einen Festpreis ab 347,50 \u20ac inkl. MwSt. f\u00fcr die Zimmerr\u00e4umung.<\/li><li>Wir liefern Sachen aus R\u00e4umen (gegen Aufpreis) in den ganzen Niederlanden.<\/li><li>Spende von Gegenst\u00e4nden an den New Hope Circle<\/li><li>Der Preis beinhaltet den eventuellen Abtransport zur M\u00fclldeponie<\/li><\/ul>\n\n\n\n<p><\/p>","protected":false},"excerpt":{"rendered":"<p>STERK Ontruimingen is ontruimingspartner bij ontmoeting Na het overlijden van een dierbare zijn de nabestaanden verantwoordelijk voor het afronden van het voltooide leven. Tijdens een moeilijke periode moet op korte termijn niet alleen de uitvaart, maar ook de ontruiming van de zorgkamer worden afgehandeld. Het afhandelen hiervan is voor nabestaanden meestal een ongewenste emotionele achtbaan [&hellip;]<\/p>\n","protected":false},"author":1,"featured_media":2470,"parent":0,"menu_order":0,"comment_status":"closed","ping_status":"closed","template":"","meta":{"inline_featured_image":false,"footnotes":""},"categories":[14],"tags":[],"class_list":["post-2468","page","type-page","status-publish","has-post-thumbnail","hentry","category-landingspaginas"],"blocksy_meta":{"styles_descriptor":{"styles":{"desktop":"","tablet":"","mobile":""},"google_fonts":[],"version":6}},"_links":{"self":[{"href":"https:\/\/sterkontruimingen.nl\/de\/wp-json\/wp\/v2\/pages\/2468","targetHints":{"allow":["GET"]}}],"collection":[{"href":"https:\/\/sterkontruimingen.nl\/de\/wp-json\/wp\/v2\/pages"}],"about":[{"href":"https:\/\/sterkontruimingen.nl\/de\/wp-json\/wp\/v2\/types\/page"}],"author":[{"embeddable":true,"href":"https:\/\/sterkontruimingen.nl\/de\/wp-json\/wp\/v2\/users\/1"}],"replies":[{"embeddable":true,"href":"https:\/\/sterkontruimingen.nl\/de\/wp-json\/wp\/v2\/comments?post=2468"}],"version-history":[{"count":1,"href":"https:\/\/sterkontruimingen.nl\/de\/wp-json\/wp\/v2\/pages\/2468\/revisions"}],"predecessor-version":[{"id":4789,"href":"https:\/\/sterkontruimingen.nl\/de\/wp-json\/wp\/v2\/pages\/2468\/revisions\/4789"}],"wp:featuredmedia":[{"embeddable":true,"href":"https:\/\/sterkontruimingen.nl\/de\/wp-json\/wp\/v2\/media\/2470"}],"wp:attachment":[{"href":"https:\/\/sterkontruimingen.nl\/de\/wp-json\/wp\/v2\/media?parent=2468"}],"wp:term":[{"taxonomy":"category","embeddable":true,"href":"https:\/\/sterkontruimingen.nl\/de\/wp-json\/wp\/v2\/categories?post=2468"},{"taxonomy":"post_tag","embeddable":true,"href":"https:\/\/sterkontruimingen.nl\/de\/wp-json\/wp\/v2\/tags?post=2468"}],"curies":[{"name":"wp","href":"https:\/\/api.w.org\/{rel}","templated":true}]}}