{"id":227,"date":"2019-12-24T11:44:28","date_gmt":"2019-12-24T11:44:28","guid":{"rendered":"http:\/\/sterkontruimingen.nl\/?page_id=227"},"modified":"2022-05-29T11:26:23","modified_gmt":"2022-05-29T09:26:23","slug":"reparaturen","status":"publish","type":"page","link":"https:\/\/sterkontruimingen.nl\/de\/woningontruiming\/herstelwerkzaamheden\/","title":{"rendered":"Reparaturen"},"content":{"rendered":"<h2 class=\"wp-block-heading\">Von L\u00f6chern in den W\u00e4nden bis zum Ausbessern kleiner M\u00e4ngel<\/h2>\n\n\n\n<p>Unsere Dienstleistungen gehen \u00fcber die blo\u00dfe R\u00e4umung deines Hauses, deiner Wohnung oder deiner Gesch\u00e4ftsr\u00e4ume hinaus. Erst bei der R\u00e4umung werden die M\u00e4ngel wirklich sichtbar. Deshalb ist es fast immer notwendig, nach einer R\u00e4umung Reparaturen durchzuf\u00fchren.<\/p>\n\n\n\n<p>Als Mieter bist du oft f\u00fcr M\u00e4ngel und Anpassungen verantwortlich, die w\u00e4hrend deines Aufenthalts entstanden sind. Du musst die Wohnung dann wieder in den Zustand versetzen, den du bei deinem Einzug vorgefunden hast. Manchmal musst du die Immobilie in ihren urspr\u00fcnglichen Zustand zur\u00fcckversetzen. Bei einem Haus, das zum Verkauf steht, m\u00fcssen eventuell Reparaturarbeiten durchgef\u00fchrt werden, um es verkaufsfertig zu machen oder um es wie mit dem neuen K\u00e4ufer vereinbart zu \u00fcbergeben.<\/p>\n\n\n\n<p>Die Reparaturarbeiten sollten umfassen: <\/p>\n\n\n\n<ul class=\"wp-block-list\"><li>L\u00f6cher in W\u00e4nden und B\u00f6den reparieren<\/li><li>Teppichboden entfernen<\/li><li>Beschichtung von W\u00e4nden und Decken<\/li><li>Entfernen von Tapeten<\/li><li>Reparieren von (kleineren) M\u00e4ngeln<\/li><li>Sonderw\u00fcnsche aus dem Verkauf<\/li><\/ul>\n\n\n\n<p>Dies ist nur ein Hinweis auf die M\u00f6glichkeiten. STERK steht dir von Anfang an mit fachkundiger Beratung zur Seite und wir liefern dein Haus dann komplett wie vereinbart. Bist du neugierig, was STERK Clearing f\u00fcr dich tun kann? Dann kontaktiere uns!<\/p>","protected":false},"excerpt":{"rendered":"<p>Van gaten in de muren tot repareren van kleine gebreken Onze diensten gaan verder dan enkel het leegruimen van uw woning, appartement of bedrijfsruimte. Bij het ontruimen worden gebreken pas echt goed zichtbaar. Daarom is het na een ontruiming vrijwel altijd nodig herstelwerkzaamheden uit te voeren. Als huurder bent u vaak verantwoordelijk voor gebreken en [&hellip;]<\/p>\n","protected":false},"author":1,"featured_media":781,"parent":128,"menu_order":0,"comment_status":"closed","ping_status":"closed","template":"","meta":{"inline_featured_image":false,"footnotes":""},"categories":[14],"tags":[],"class_list":["post-227","page","type-page","status-publish","has-post-thumbnail","hentry","category-landingspaginas"],"blocksy_meta":{"styles_descriptor":{"styles":{"desktop":"","tablet":"","mobile":""},"google_fonts":[],"version":6}},"_links":{"self":[{"href":"https:\/\/sterkontruimingen.nl\/de\/wp-json\/wp\/v2\/pages\/227","targetHints":{"allow":["GET"]}}],"collection":[{"href":"https:\/\/sterkontruimingen.nl\/de\/wp-json\/wp\/v2\/pages"}],"about":[{"href":"https:\/\/sterkontruimingen.nl\/de\/wp-json\/wp\/v2\/types\/page"}],"author":[{"embeddable":true,"href":"https:\/\/sterkontruimingen.nl\/de\/wp-json\/wp\/v2\/users\/1"}],"replies":[{"embeddable":true,"href":"https:\/\/sterkontruimingen.nl\/de\/wp-json\/wp\/v2\/comments?post=227"}],"version-history":[{"count":1,"href":"https:\/\/sterkontruimingen.nl\/de\/wp-json\/wp\/v2\/pages\/227\/revisions"}],"predecessor-version":[{"id":2818,"href":"https:\/\/sterkontruimingen.nl\/de\/wp-json\/wp\/v2\/pages\/227\/revisions\/2818"}],"up":[{"embeddable":true,"href":"https:\/\/sterkontruimingen.nl\/de\/wp-json\/wp\/v2\/pages\/128"}],"wp:featuredmedia":[{"embeddable":true,"href":"https:\/\/sterkontruimingen.nl\/de\/wp-json\/wp\/v2\/media\/781"}],"wp:attachment":[{"href":"https:\/\/sterkontruimingen.nl\/de\/wp-json\/wp\/v2\/media?parent=227"}],"wp:term":[{"taxonomy":"category","embeddable":true,"href":"https:\/\/sterkontruimingen.nl\/de\/wp-json\/wp\/v2\/categories?post=227"},{"taxonomy":"post_tag","embeddable":true,"href":"https:\/\/sterkontruimingen.nl\/de\/wp-json\/wp\/v2\/tags?post=227"}],"curies":[{"name":"wp","href":"https:\/\/api.w.org\/{rel}","templated":true}]}}