{"id":2072,"date":"2021-05-08T09:40:31","date_gmt":"2021-05-08T07:40:31","guid":{"rendered":"http:\/\/sterkontruimingen.nl\/?page_id=2072"},"modified":"2021-08-08T13:12:36","modified_gmt":"2021-08-08T11:12:36","slug":"hausraumung-hendrik-ido-ambacht","status":"publish","type":"page","link":"https:\/\/sterkontruimingen.nl\/de\/woningontruiming-hendrik-ido-ambacht\/","title":{"rendered":"Hausr\u00e4umung Hendrik-Ido-Ambacht"},"content":{"rendered":"<h2 class=\"wp-block-heading\">Hausr\u00e4umung in Hendrik-Ido-Ambacht<\/h2>\n\n\n\n<p>Hendrik-Ido-Ambacht ist die Heimatbasis von STERK House Clearance. Seit 2019 haben wir hier angefangen, Menschen dabei zu helfen, H\u00e4user, Wohnungen, Pflegezimmer, Dachb\u00f6den und Schuppen zu r\u00e4umen, zu leeren und zu entr\u00fcmpeln. Deshalb ist es gut, dass es Unternehmen wie STERK gibt, bei denen du unseren Entr\u00fcmpelungsservice nutzen kannst, wenn du ihn brauchst. Hast du eine Immobilie (Haus, Wohnung, Pflegezimmer oder Pflegeheim), die in Ambacht ger\u00e4umt werden muss? Dann kann STERK dir helfen! STERK hat umfangreiche Erfahrung mit Hausr\u00e4umungen in Hendrik-Ido-Ambacht, einschlie\u00dflich Pflegezimmern, Pflegeheimzimmern, Wohnungen und betreuten Wohnungen in Hendrik-Ido-Ambacht und Umgebung. Wir liefern ganz nach den Anforderungen und W\u00fcnschen des Vermieters, der Wohnungsbaugesellschaft, des Immobilienmaklers oder des Pflegeheims.<\/p>\n\n\n\n<p>W\u00e4hrend der <strong>Hausr\u00e4umung in Hendrik-Ido-Ambacht<\/strong> k\u00f6nnen wir alle Arten von Arbeiten wie das Entfernen von Teppichen, Tapeten oder Schrauben und N\u00e4geln durchf\u00fchren. Wir reparieren auch L\u00f6cher in W\u00e4nden. Wir k\u00f6nnen auch unn\u00f6tige, aber noch brauchbare Gegenst\u00e4nde nach <a href=\"http:\/\/sterkontruimingen.nl\/de\/uber-stark\/\">gute Zwecke<\/a> zur Wiederverwendung bringen und wir entsorgen Abf\u00e4lle immer auf umweltvertr\u00e4gliche Weise. Das Tolle ist, dass wir oft in deinem Gebiet in Ambacht im Einsatz sind, sodass wir uns schnell an die Arbeit machen k\u00f6nnen. <\/p>\n\n\n\n<div class=\"wp-block-columns is-layout-flex wp-container-core-columns-is-layout-28f84493 wp-block-columns-is-layout-flex\">\n<div class=\"wp-block-column is-layout-flow wp-block-column-is-layout-flow\">\n<h3 class=\"wp-block-heading\">PFLEGERAUM in Hendrik-Ido-Ambacht ENTWICKELT<\/h3>\n\n\n\n<p>Suchst du eine Partei, die dein Pflegezimmer oder das Pflegezimmer deiner Eltern in HENDRIK-IDO-AMBACHT und Umgebung r\u00e4umt. Dann kontaktiere uns f\u00fcr ein unverbindliches Angebot.<\/p>\n\n\n\n<h3 class=\"wp-block-heading\">Garten- oder Schuppenr\u00e4umung in HENDRIK-IDO-AMBACHT<\/h3>\n\n\n\n<p>Manchmal kann man den Wald vor lauter B\u00e4umen nicht sehen. Dann ist die Hilfe eines Aufr\u00e4umexperten in Hendrik-Ido-Ambacht sehr n\u00fctzlich. Wir kommen vorbei und harken sprichw\u00f6rtlich deinen ganzen Garten oder Schuppen durch. Nat\u00fcrlich in Absprache mit dir, was du noch behalten willst und was nicht.<\/p>\n\n\n\n<h3 class=\"wp-block-heading\">SELBSTAUFKL\u00c4RUNG IN HENDRIK-IDO-AMBACHT<\/h3>\n\n\n\n<p>Wenn du deine eigene Entr\u00fcmpelung in Hendrik-Ido-Ambacht starten m\u00f6chtest, aber nicht wei\u00dft, wo du anfangen sollst. Wir helfen dir gerne mit Tipps und Ratschl\u00e4gen. Au\u00dferdem k\u00f6nnen wir dich dann bei der weiteren Entr\u00fcmpelung deiner Wohnung in Ambacht unterst\u00fctzen.<\/p>\n\n\n\n<h3 class=\"wp-block-heading\">Grundst\u00fccksr\u00e4umung in HENDRIK-IDO-AMBACHT<\/h3>\n\n\n\n<p>M\u00f6chtest du deine Entr\u00fcmpelung in Hendrik-Ido-Ambacht erledigen lassen? Dann bist du bei uns genau richtig. Von unserer Niederlassung in STERK House Clearance Hendrik-Ido-Ambacht aus k\u00f6nnen wir dir einfach und schnell helfen, deine Wohnung kurzfristig zu r\u00e4umen.<\/p>\n<\/div>\n\n\n\n<div class=\"wp-block-column is-layout-flow wp-block-column-is-layout-flow\">\n<h3 class=\"wp-block-heading\">Aufr\u00e4umen eines Pflegeheimzimmers in der HENDRIK-IDO-AMBACHT<\/h3>\n\n\n\n<p>STERK nimmt dir die ganze Sorge aus den H\u00e4nden. Da wir oft in Ambacht arbeiten, k\u00f6nnen wir sehr schnell <a href=\"http:\/\/sterkontruimingen.nl\/de\/pflegezimmer-evakuieren\/\" class=\"rank-math-link\">dein Zimmer im Pflegeheim oder dein Betreuungszimmer<\/a> liefern saubere Wischt\u00fccher zu einem anst\u00e4ndigen Preis.<\/p>\n\n\n\n<h3 class=\"wp-block-heading\">R\u00e4umung eines Pflegezimmers in der HENDRIK-IDO-AMBACHT<\/h3>\n\n\n\n<p>STERK nimmt dir die ganze Sorge aus den H\u00e4nden. Denn wir arbeiten ganz in der N\u00e4he in Hendrik-Ido-Ambacht. Wir k\u00f6nnen dein Zimmer in k\u00fcrzester Zeit zu einem vern\u00fcnftigen Preis wischfertig machen.<\/p>\n\n\n\n<h3 class=\"wp-block-heading\">Lichtung nach dem Tod in hendrik-ido-ambacht<\/h3>\n\n\n\n<p>Wenn ein geliebter Mensch verstirbt, ist das letzte, worauf du achten willst, die Wohnung deines geliebten Menschen zu r\u00e4umen oder zu leeren. STERK setzt sich daf\u00fcr ein, das Haus oder Zimmer mit Respekt f\u00fcr das Eigentum und den Verstorbenen so schnell wie m\u00f6glich oder sogar dringend zu r\u00e4umen. Au\u00dferdem spenden wir in deinem Namen alle Gegenst\u00e4nde, die bereits verkauft werden k\u00f6nnen, an die New Hope Foundation, die sich unter anderem f\u00fcr die Bek\u00e4mpfung der Einsamkeit einsetzt.<\/p>\n<\/div>\n<\/div>","protected":false},"excerpt":{"rendered":"<p>Woning ontruiming in Hendrik-Ido-Ambacht Hendrik-Ido-Ambacht is de thuisbasis van STERK Woningontruiming. Sinds 2019 zijn we hier begonnen om mensen te helpen met het ontruimen, leeghalen en strippen van woningen, appartementen, zorgkamers, zolders en schuren. Daarom is het fijn dat er bedrijven zijn als STERK waar u, indien u het nodig heeft, gebruik kan maken van [&hellip;]<\/p>\n","protected":false},"author":1,"featured_media":2078,"parent":0,"menu_order":10,"comment_status":"closed","ping_status":"closed","template":"","meta":{"inline_featured_image":false,"footnotes":""},"categories":[14],"tags":[],"class_list":["post-2072","page","type-page","status-publish","has-post-thumbnail","hentry","category-landingspaginas"],"blocksy_meta":{"styles_descriptor":{"styles":{"desktop":"","tablet":"","mobile":""},"google_fonts":[],"version":6}},"_links":{"self":[{"href":"https:\/\/sterkontruimingen.nl\/de\/wp-json\/wp\/v2\/pages\/2072","targetHints":{"allow":["GET"]}}],"collection":[{"href":"https:\/\/sterkontruimingen.nl\/de\/wp-json\/wp\/v2\/pages"}],"about":[{"href":"https:\/\/sterkontruimingen.nl\/de\/wp-json\/wp\/v2\/types\/page"}],"author":[{"embeddable":true,"href":"https:\/\/sterkontruimingen.nl\/de\/wp-json\/wp\/v2\/users\/1"}],"replies":[{"embeddable":true,"href":"https:\/\/sterkontruimingen.nl\/de\/wp-json\/wp\/v2\/comments?post=2072"}],"version-history":[{"count":0,"href":"https:\/\/sterkontruimingen.nl\/de\/wp-json\/wp\/v2\/pages\/2072\/revisions"}],"wp:featuredmedia":[{"embeddable":true,"href":"https:\/\/sterkontruimingen.nl\/de\/wp-json\/wp\/v2\/media\/2078"}],"wp:attachment":[{"href":"https:\/\/sterkontruimingen.nl\/de\/wp-json\/wp\/v2\/media?parent=2072"}],"wp:term":[{"taxonomy":"category","embeddable":true,"href":"https:\/\/sterkontruimingen.nl\/de\/wp-json\/wp\/v2\/categories?post=2072"},{"taxonomy":"post_tag","embeddable":true,"href":"https:\/\/sterkontruimingen.nl\/de\/wp-json\/wp\/v2\/tags?post=2072"}],"curies":[{"name":"wp","href":"https:\/\/api.w.org\/{rel}","templated":true}]}}