{"id":2067,"date":"2021-05-08T09:35:14","date_gmt":"2021-05-08T07:35:14","guid":{"rendered":"http:\/\/sterkontruimingen.nl\/?page_id=2067"},"modified":"2021-05-08T09:35:17","modified_gmt":"2021-05-08T07:35:17","slug":"liefern-sie-verkaufsfertige","status":"publish","type":"page","link":"https:\/\/sterkontruimingen.nl\/de\/verkoop-klaar-opleveren\/","title":{"rendered":"Liefern Sie verkaufsfertige"},"content":{"rendered":"<h2 class=\"wp-block-heading\">Haus bereit zum Verkauf<\/h2>\n\n\n\n<p>Du hast ein Haus verkauft und musst es verkaufsfertig an den n\u00e4chsten Bewohner \u00fcbergeben? STERK House Clearance kann dir dabei helfen und das Haus verkaufsfertig \u00fcbergeben. Die verkaufsfertige \u00dcbergabe eines Hauses ist eine spezialisierte Arbeit, die zeitaufw\u00e4ndig sein kann. Oft bleiben in einem Haus verschiedene Gegenst\u00e4nde zur\u00fcck, die entr\u00fcmpelt werden m\u00fcssen. Dazu geh\u00f6ren alte M\u00f6bel, Gardinen und Vorhangstangen. Es kommt auch oft vor, dass der neue Bewohner die <a href=\"http:\/\/sterkontruimingen.nl\/de\/bodenentfernung\/\" class=\"rank-math-link\">alter Boden<\/a> sieht, dass die Stufen entfernt werden m\u00fcssen oder der Teppich entfernt werden muss.<\/p>\n\n\n\n<p>Eine Hausr\u00e4umung umfasst oft mehr als urspr\u00fcnglich gedacht. Die Anforderungen der kaufenden Partei k\u00f6nnen eine ganze Weile dauern. STERK Evacuations ist gerne f\u00fcr dich da. Dank unserer umfangreichen Erfahrung in der Planung und Durchf\u00fchrung von Hausr\u00e4umungen kannst du dich darauf verlassen, dass wir uns darum k\u00fcmmern.<\/p>\n\n\n\n<h2 class=\"wp-block-heading\">Wie sollen wir vorgehen?<\/h2>\n\n\n\n<p>Wie immer sind Schnelligkeit und Genauigkeit die Gr\u00fcnde, warum sich Menschen f\u00fcr STERK House Clearances entscheiden. Sobald du STERK anrufst, werden wir dich so schnell wie m\u00f6glich besuchen. Du erh\u00e4ltst dann ein Angebot und wenn du zustimmst, erstellen wir einen genauen Zeitplan f\u00fcr die Vorbereitung des Hauses zum Verkauf. Von da an kennst du das genaue Datum, an dem das Haus f\u00fcr den Verkauf bereit sein wird. Du brauchst dich um nichts mehr zu k\u00fcmmern. Wir k\u00fcmmern uns um alles f\u00fcr dich. \u00a0<\/p>\n\n\n\n<p>Wenn wir uns einig sind, gehen wir mit einem kleinen Team effizient durch das Haus. <\/p>","protected":false},"excerpt":{"rendered":"<p>Woning verkoop klaar opleveren Heeft u een woning verkocht en moet deze verkoop-klaar worden opgeleverd voor de volgende bewoner? STERK Woningontruiming kan u hiermee van dienst zijn en voor u de woning verkoop-klaar opleveren. Het verkoop-klaar oftewel bezemschoon opleveren van een woning is specialistisch werk wat vaak behoorlijk tijdrovend kan zijn. Vaak blijven er in [&hellip;]<\/p>\n","protected":false},"author":1,"featured_media":0,"parent":0,"menu_order":0,"comment_status":"closed","ping_status":"closed","template":"","meta":{"inline_featured_image":false,"footnotes":""},"categories":[],"tags":[],"class_list":["post-2067","page","type-page","status-publish","hentry"],"blocksy_meta":{"styles_descriptor":{"styles":{"desktop":"","tablet":"","mobile":""},"google_fonts":[],"version":6}},"_links":{"self":[{"href":"https:\/\/sterkontruimingen.nl\/de\/wp-json\/wp\/v2\/pages\/2067","targetHints":{"allow":["GET"]}}],"collection":[{"href":"https:\/\/sterkontruimingen.nl\/de\/wp-json\/wp\/v2\/pages"}],"about":[{"href":"https:\/\/sterkontruimingen.nl\/de\/wp-json\/wp\/v2\/types\/page"}],"author":[{"embeddable":true,"href":"https:\/\/sterkontruimingen.nl\/de\/wp-json\/wp\/v2\/users\/1"}],"replies":[{"embeddable":true,"href":"https:\/\/sterkontruimingen.nl\/de\/wp-json\/wp\/v2\/comments?post=2067"}],"version-history":[{"count":0,"href":"https:\/\/sterkontruimingen.nl\/de\/wp-json\/wp\/v2\/pages\/2067\/revisions"}],"wp:attachment":[{"href":"https:\/\/sterkontruimingen.nl\/de\/wp-json\/wp\/v2\/media?parent=2067"}],"wp:term":[{"taxonomy":"category","embeddable":true,"href":"https:\/\/sterkontruimingen.nl\/de\/wp-json\/wp\/v2\/categories?post=2067"},{"taxonomy":"post_tag","embeddable":true,"href":"https:\/\/sterkontruimingen.nl\/de\/wp-json\/wp\/v2\/tags?post=2067"}],"curies":[{"name":"wp","href":"https:\/\/api.w.org\/{rel}","templated":true}]}}