{"id":1909,"date":"2021-03-14T12:00:25","date_gmt":"2021-03-14T11:00:25","guid":{"rendered":"http:\/\/sterkontruimingen.nl\/?page_id=1909"},"modified":"2024-05-27T08:07:21","modified_gmt":"2024-05-27T06:07:21","slug":"zwischenlagerung","status":"publish","type":"page","link":"https:\/\/sterkontruimingen.nl\/de\/tijdelijkeopslag\/","title":{"rendered":"Vor\u00fcbergehende Lagerung"},"content":{"rendered":"<h2 class=\"wp-block-heading\">STERK bietet seinen Kunden eine vor\u00fcbergehende Lagerung an.<\/h2>\n\n\n\n<p>Seit kurzem bietet STERK einen neuen Service im Bereich der Hausr\u00e4umung an, n\u00e4mlich die vor\u00fcbergehende Einlagerung. Zwangsr\u00e4umungen erfolgen oft aus den unterschiedlichsten Gr\u00fcnden. Manchmal ist es so, dass sich der Kunde noch nicht von einigen Habseligkeiten trennen kann. STERK bietet eine vor\u00fcbergehende Einlagerung an, damit du dir \u00fcberlegen kannst, was du mit deinem Hab und Gut machen willst. Au\u00dferdem liefern wir das zu r\u00e4umende Haus gem\u00e4\u00df den Lieferbedingungen.<\/p>\n\n\n\n<p>Auf diese Weise entlastet STERK seine Kunden ein wenig mehr. STERK ist bestrebt, seine Kunden jedes Mal ein bisschen mehr zu entlasten und einen umfassenden Service anzubieten, an den andere noch nicht gedacht haben. Wie w\u00e4re es zum Beispiel mit unserem Leihservice f\u00fcr Umzugskartons, wenn du eine Bestellung hast. Oder tolle Rabatte, wenn du die Kartons kaufen willst.<\/p>\n\n\n\n<p>Willst du wissen, was die Zwischenlagerung kostet? <a href=\"http:\/\/sterkontruimingen.nl\/de\/kontakt\/\" class=\"rank-math-link\">Dann kontaktiere uns.<\/a> Dann k\u00f6nnen wir dir ganz einfach mit ein paar Fragen antworten. Wusstest du, dass wir die Artikel auch zur\u00fcckschicken, wenn du sie zur\u00fcckhaben willst?<\/p>","protected":false},"excerpt":{"rendered":"<p>STERK biedt tijdelijke opslag voor zijn klanten. Sinds kort biedt STERK een nieuwe dienst aan bij het ontruimen van woningen, namelijk tijdelijke opslag. Een ontruiming gebeurt vaak om zeer uiteenlopende redenen. Daarbij is het weleens het geval dat de opdrachtgever van sommige spullen nog geen afstand kan doen. Hierbij biedt STERK tijdelijke opslag zodat nog [&hellip;]<\/p>\n","protected":false},"author":1,"featured_media":1915,"parent":0,"menu_order":0,"comment_status":"closed","ping_status":"closed","template":"","meta":{"inline_featured_image":false,"footnotes":""},"categories":[14],"tags":[],"class_list":["post-1909","page","type-page","status-publish","has-post-thumbnail","hentry","category-landingspaginas"],"blocksy_meta":{"styles_descriptor":{"styles":{"desktop":"","tablet":"","mobile":""},"google_fonts":[],"version":6}},"_links":{"self":[{"href":"https:\/\/sterkontruimingen.nl\/de\/wp-json\/wp\/v2\/pages\/1909","targetHints":{"allow":["GET"]}}],"collection":[{"href":"https:\/\/sterkontruimingen.nl\/de\/wp-json\/wp\/v2\/pages"}],"about":[{"href":"https:\/\/sterkontruimingen.nl\/de\/wp-json\/wp\/v2\/types\/page"}],"author":[{"embeddable":true,"href":"https:\/\/sterkontruimingen.nl\/de\/wp-json\/wp\/v2\/users\/1"}],"replies":[{"embeddable":true,"href":"https:\/\/sterkontruimingen.nl\/de\/wp-json\/wp\/v2\/comments?post=1909"}],"version-history":[{"count":1,"href":"https:\/\/sterkontruimingen.nl\/de\/wp-json\/wp\/v2\/pages\/1909\/revisions"}],"predecessor-version":[{"id":4790,"href":"https:\/\/sterkontruimingen.nl\/de\/wp-json\/wp\/v2\/pages\/1909\/revisions\/4790"}],"wp:featuredmedia":[{"embeddable":true,"href":"https:\/\/sterkontruimingen.nl\/de\/wp-json\/wp\/v2\/media\/1915"}],"wp:attachment":[{"href":"https:\/\/sterkontruimingen.nl\/de\/wp-json\/wp\/v2\/media?parent=1909"}],"wp:term":[{"taxonomy":"category","embeddable":true,"href":"https:\/\/sterkontruimingen.nl\/de\/wp-json\/wp\/v2\/categories?post=1909"},{"taxonomy":"post_tag","embeddable":true,"href":"https:\/\/sterkontruimingen.nl\/de\/wp-json\/wp\/v2\/tags?post=1909"}],"curies":[{"name":"wp","href":"https:\/\/api.w.org\/{rel}","templated":true}]}}