{"id":1826,"date":"2021-03-10T13:05:53","date_gmt":"2021-03-10T12:05:53","guid":{"rendered":"http:\/\/sterkontruimingen.nl\/?page_id=1826"},"modified":"2022-05-29T11:26:39","modified_gmt":"2022-05-29T09:26:39","slug":"umziehen-mit-demenz","status":"publish","type":"page","link":"https:\/\/sterkontruimingen.nl\/de\/verhuizen-met-dementie\/","title":{"rendered":"Umziehen mit Demenz"},"content":{"rendered":"<h2 class=\"wp-block-heading\">STERK bewegt Menschen mit Demenz<\/h2>\n\n\n\n<p><strong>Umziehen mit Demenz?<\/strong> Bei einer gro\u00dfen Ver\u00e4nderung wie einem Umzug ist es f\u00fcr Senioren mit Demenz unglaublich wichtig, sich vertraut und sicher zu f\u00fchlen. Wir bauen die neue Wohnung genauso nach wie die alte, was oft dazu f\u00fchrt, dass die Menschen ihren Umzug gar nicht bemerken. Wir stellen alle M\u00f6bel in der gleichen Reihenfolge auf und h\u00e4ngen sogar die Bilder und Rahmen auf.<\/p>\n\n\n\n<blockquote class=\"wp-block-quote is-layout-flow wp-block-quote-is-layout-flow\"><p>Die Spiegelung des neuen Zimmers mit dem alten ist f\u00fcr Menschen mit Demenz sicher und vertraut. Alles wird genau an der gleichen Stelle platziert und aufgeh\u00e4ngt. Daher merken sie oft nicht, dass sie umgezogen sind.<\/p><\/blockquote>\n\n\n\n<p>STERK hilft dir gerne dabei, den Umzug so stressfrei wie m\u00f6glich zu gestalten. Menschen mit jeder Form von Demenz haben es schwer genug, wenn Ver\u00e4nderungen anstehen. <\/p>\n\n\n\n<h2 class=\"wp-block-heading\">Warum mit Demenz umziehen:<\/h2>\n\n\n\n<ul class=\"wp-block-list\"><li>Keine nachteiligen psychologischen Auswirkungen<\/li><li>Vertrautes Leben, als ob sich im Haus nichts ver\u00e4ndert h\u00e4tte<\/li><li>Genaues Kopieren des Hauses oder Zimmers<\/li><li>Gestrichene Schr\u00e4nke und die gleiche Aufteilung wie im alten Haus<\/li><li>Man f\u00fchlt sich sofort wie zu Hause<\/li><li>Oft merken die Menschen gar nicht, dass sie umgezogen sind.<\/li><\/ul>","protected":false},"excerpt":{"rendered":"<p>STERK verhuisd mensen met dementie Verhuizen met dementie? Tijdens een grote verandering als een verhuizing is een vertrouwd en veilig gevoel voor dementerende senioren ontzettend belangrijk. We kopi\u00ebren de nieuwe woning exact als de oude, waardoor men vaak niet eens merkt dat hij of zij is verhuisd. We zetten alle meubels in de zelfde volgorde [&hellip;]<\/p>\n","protected":false},"author":1,"featured_media":1839,"parent":0,"menu_order":0,"comment_status":"closed","ping_status":"closed","template":"","meta":{"inline_featured_image":false,"footnotes":""},"categories":[14],"tags":[],"class_list":["post-1826","page","type-page","status-publish","has-post-thumbnail","hentry","category-landingspaginas"],"blocksy_meta":{"styles_descriptor":{"styles":{"desktop":"","tablet":"","mobile":""},"google_fonts":[],"version":6}},"_links":{"self":[{"href":"https:\/\/sterkontruimingen.nl\/de\/wp-json\/wp\/v2\/pages\/1826","targetHints":{"allow":["GET"]}}],"collection":[{"href":"https:\/\/sterkontruimingen.nl\/de\/wp-json\/wp\/v2\/pages"}],"about":[{"href":"https:\/\/sterkontruimingen.nl\/de\/wp-json\/wp\/v2\/types\/page"}],"author":[{"embeddable":true,"href":"https:\/\/sterkontruimingen.nl\/de\/wp-json\/wp\/v2\/users\/1"}],"replies":[{"embeddable":true,"href":"https:\/\/sterkontruimingen.nl\/de\/wp-json\/wp\/v2\/comments?post=1826"}],"version-history":[{"count":2,"href":"https:\/\/sterkontruimingen.nl\/de\/wp-json\/wp\/v2\/pages\/1826\/revisions"}],"predecessor-version":[{"id":2831,"href":"https:\/\/sterkontruimingen.nl\/de\/wp-json\/wp\/v2\/pages\/1826\/revisions\/2831"}],"wp:featuredmedia":[{"embeddable":true,"href":"https:\/\/sterkontruimingen.nl\/de\/wp-json\/wp\/v2\/media\/1839"}],"wp:attachment":[{"href":"https:\/\/sterkontruimingen.nl\/de\/wp-json\/wp\/v2\/media?parent=1826"}],"wp:term":[{"taxonomy":"category","embeddable":true,"href":"https:\/\/sterkontruimingen.nl\/de\/wp-json\/wp\/v2\/categories?post=1826"},{"taxonomy":"post_tag","embeddable":true,"href":"https:\/\/sterkontruimingen.nl\/de\/wp-json\/wp\/v2\/tags?post=1826"}],"curies":[{"name":"wp","href":"https:\/\/api.w.org\/{rel}","templated":true}]}}