{"id":1825,"date":"2021-03-10T13:06:00","date_gmt":"2021-03-10T12:06:00","guid":{"rendered":"http:\/\/sterkontruimingen.nl\/?page_id=1825"},"modified":"2024-05-27T08:06:20","modified_gmt":"2024-05-27T06:06:20","slug":"seniorenumzug","status":"publish","type":"page","link":"https:\/\/sterkontruimingen.nl\/de\/seniorenverhuizing\/","title":{"rendered":"Senior-Umzug"},"content":{"rendered":"<h2 class=\"wp-block-heading\">Senior Mover gesucht?<\/h2>\n\n\n\n<p>STERK Evictions k\u00fcmmert sich auch um kleinere Umz\u00fcge und Zwangsr\u00e4umungen f\u00fcr Menschen, die in kleinere Wohnungen umziehen, z.B. in betreutes Wohnen oder Pflegeheime. <\/p>\n\n\n\n<p>Planst du einen Seniorenumzug? Der Umzug von Senioren ist oft eine intensive Aufgabe, die Aufmerksamkeit und Management erfordert. STERK hilft dir gerne dabei, deinen Vater, deine Mutter, deinen Gro\u00dfvater oder deine Gro\u00dfmutter umzuziehen. Wir tun dies, indem wir den Seniorenumzug so stressfrei wie m\u00f6glich gestalten. Damit ein Seniorenumzug reibungslos und ohne Probleme verl\u00e4uft, brauchen wir als Umzugsunternehmen besondere Aufmerksamkeit. <em>Schlie\u00dflich ist ein Umzug f\u00fcr Senioren schon stressig genug.<\/em> Deshalb schenken wir dir bei STERK diese besondere Aufmerksamkeit. Mit einer ruhigeren Herangehensweise, mehr Sorgfalt f\u00fcr dich und dein Hab und Gut und zus\u00e4tzlichen Dienstleistungen (wie <a href=\"http:\/\/sterkontruimingen.nl\/de\/umziehen-mit-demenz\/\" class=\"rank-math-link\">Demenzumzug<\/a> oder Zwischenlager) arrangieren wir einen problemlosen Umzug.<\/p>\n\n\n\n<p>Ein zus\u00e4tzlicher Service ist zum Beispiel, dass wir alle deine Sachen an den richtigen Platz stellen, deine Ger\u00e4te wieder anschlie\u00dfen und auf Wunsch die W\u00e4nde streichen, den neuen Boden verlegen und sogar das Bett machen. So f\u00fchlst du dich in deinem neuen Zuhause gleich wie zu Hause, und wir wissen, dass du diesen Service bei durchschnittlichen Umzugsunternehmen nicht finden wirst. Deshalb zeichnet sich STERK in diesem Bereich besonders aus.<\/p>\n\n\n\n<p>Zuerst besuchen wir dich, um dich kennenzulernen. Au\u00dferdem gehen wir alles mit dir durch. Was muss getan werden? Was muss weg und was muss weg? Wann wirst du umziehen? Gibt es noch andere Dinge, die dir wichtig sind? Auf diese Weise k\u00f6nnen wir am besten auf deine Bed\u00fcrfnisse eingehen. Au\u00dferdem hast du vor, w\u00e4hrend und nach dem Umzug einen festen Ansprechpartner, der dir jederzeit f\u00fcr Fragen zur Verf\u00fcgung steht. <\/p>\n\n\n\n<p>Unsere Umzugshelfer sind speziell daf\u00fcr geschult, mit allem umzugehen, was bei einem Seniorenumzug anf\u00e4llt. Nat\u00fcrlich verpacken wir alles ordentlich in Kartons oder in Umzugsdecken mit Folie, damit nichts besch\u00e4digt wird, aber wir unterhalten uns auch gerne mit dir, um dich auf dem Laufenden zu halten. Du beh\u00e4ltst die Kontrolle. Wir sind da, um zu helfen.<\/p>\n\n\n\n<div class=\"wp-block-columns is-layout-flex wp-container-core-columns-is-layout-28f84493 wp-block-columns-is-layout-flex\">\n<div class=\"wp-block-column is-layout-flow wp-block-column-is-layout-flow\">\n<h3 class=\"wp-block-heading\">Tod<\/h3>\n\n\n\n<p>Wenn du nach dem Tod deines Partners, eines Familienmitglieds oder eines Freundes das Haus r\u00e4umst, gibt es viel zu regeln. Wir k\u00f6nnen dir die Sorgen beim Umzug abnehmen.<\/p>\n\n\n\n<p><a href=\"http:\/\/sterkontruimingen.nl\/de\/hausumzug-nach-dem-tod\/\" class=\"rank-math-link\">Lies mehr \u00fcber Clearing nach dem Tod<\/a><\/p>\n<\/div>\n\n\n\n<div class=\"wp-block-column is-layout-flow wp-block-column-is-layout-flow\">\n<h3 class=\"wp-block-heading\">DEMENTION<\/h3>\n\n\n\n<p>Ein zus\u00e4tzlicher Service ist unser spezieller Umzugsservice f\u00fcr Demenzkranke. Um Senioren mit Demenz den Umzug zu erleichtern, spiegeln wir die neue Wohnung genau wie die alte. Sogar die Bilder befinden sich am selben Ort.<\/p>\n\n\n\n<p><a href=\"http:\/\/sterkontruimingen.nl\/de\/umziehen-mit-demenz\/\" class=\"rank-math-link\">Lies mehr \u00fcber Umz\u00fcge mit Demenz<\/a><\/p>\n<\/div>\n<\/div>\n\n\n\n<div class=\"wp-block-columns is-layout-flex wp-container-core-columns-is-layout-28f84493 wp-block-columns-is-layout-flex\">\n<div class=\"wp-block-column is-layout-flow wp-block-column-is-layout-flow\">\n<h3 class=\"wp-block-heading\">INTERNE VERLAGERUNG<\/h3>\n\n\n\n<p>STERK unterst\u00fctzt auch den sicheren Umzug von Habseligkeiten in einer Pflegeeinrichtung oder einem Pflegeheim. Dank unserer umfangreichen Erfahrung im Bereich der Kleinumz\u00fcge k\u00f6nnen wir dem Umzug genau das gewisse Extra an Aufmerksamkeit schenken.<\/p>\n\n\n\n<p><a class=\"rank-math-link\" href=\"http:\/\/sterkontruimingen.nl\/de\/interne-verlegungspflegeeinrichtung\/\">Lies mehr \u00fcber Interne Umz\u00fcge<\/a><\/p>\n<\/div>\n\n\n\n<div class=\"wp-block-column is-layout-flow wp-block-column-is-layout-flow\">\n<h3 class=\"wp-block-heading\">VOR\u00dcBERGEHENDE LAGERUNG<\/h3>\n\n\n\n<p>Du wei\u00dft noch nicht, was du mit den restlichen Sachen vom Umzug machen sollst? Dann k\u00f6nnen wir sie f\u00fcr dich zwischenlagern. So hast du genug Zeit, um dar\u00fcber nachzudenken.<\/p>\n<\/div>\n<\/div>\n\n\n\n<div class=\"wp-block-columns is-layout-flex wp-container-core-columns-is-layout-28f84493 wp-block-columns-is-layout-flex\">\n<div class=\"wp-block-column is-layout-flow wp-block-column-is-layout-flow\"><\/div>\n\n\n\n<div class=\"wp-block-column is-layout-flow wp-block-column-is-layout-flow\"><\/div>\n<\/div>","protected":false},"excerpt":{"rendered":"<p>Senioren verhuizer gezocht? STERK Ontruimingen verzorgd ook kleinschalige verhuizingen en ontruimingen voor mensen die kleiner gaan wonen in bijvoorbeeld een aanleunwoning of een verzorgingstehuis. Staat er een seniorenverhuizing op de planning? Het verhuizen van senioren is vaak een intensieve klus die aandacht en beleid vraagt. STERK helpt graag om uw vader, moeder, opa of oma [&hellip;]<\/p>\n","protected":false},"author":1,"featured_media":1838,"parent":0,"menu_order":0,"comment_status":"closed","ping_status":"closed","template":"","meta":{"inline_featured_image":false,"footnotes":""},"categories":[14],"tags":[],"class_list":["post-1825","page","type-page","status-publish","has-post-thumbnail","hentry","category-landingspaginas"],"blocksy_meta":{"styles_descriptor":{"styles":{"desktop":"","tablet":"","mobile":""},"google_fonts":[],"version":6}},"_links":{"self":[{"href":"https:\/\/sterkontruimingen.nl\/de\/wp-json\/wp\/v2\/pages\/1825","targetHints":{"allow":["GET"]}}],"collection":[{"href":"https:\/\/sterkontruimingen.nl\/de\/wp-json\/wp\/v2\/pages"}],"about":[{"href":"https:\/\/sterkontruimingen.nl\/de\/wp-json\/wp\/v2\/types\/page"}],"author":[{"embeddable":true,"href":"https:\/\/sterkontruimingen.nl\/de\/wp-json\/wp\/v2\/users\/1"}],"replies":[{"embeddable":true,"href":"https:\/\/sterkontruimingen.nl\/de\/wp-json\/wp\/v2\/comments?post=1825"}],"version-history":[{"count":2,"href":"https:\/\/sterkontruimingen.nl\/de\/wp-json\/wp\/v2\/pages\/1825\/revisions"}],"predecessor-version":[{"id":2832,"href":"https:\/\/sterkontruimingen.nl\/de\/wp-json\/wp\/v2\/pages\/1825\/revisions\/2832"}],"wp:featuredmedia":[{"embeddable":true,"href":"https:\/\/sterkontruimingen.nl\/de\/wp-json\/wp\/v2\/media\/1838"}],"wp:attachment":[{"href":"https:\/\/sterkontruimingen.nl\/de\/wp-json\/wp\/v2\/media?parent=1825"}],"wp:term":[{"taxonomy":"category","embeddable":true,"href":"https:\/\/sterkontruimingen.nl\/de\/wp-json\/wp\/v2\/categories?post=1825"},{"taxonomy":"post_tag","embeddable":true,"href":"https:\/\/sterkontruimingen.nl\/de\/wp-json\/wp\/v2\/tags?post=1825"}],"curies":[{"name":"wp","href":"https:\/\/api.w.org\/{rel}","templated":true}]}}