{"id":1815,"date":"2021-03-07T19:51:37","date_gmt":"2021-03-07T18:51:37","guid":{"rendered":"http:\/\/sterkontruimingen.nl\/?page_id=1815"},"modified":"2021-03-10T19:57:40","modified_gmt":"2021-03-10T18:57:40","slug":"billige-hausraumung","status":"publish","type":"page","link":"https:\/\/sterkontruimingen.nl\/de\/goedkoop-woning-ontruimen\/","title":{"rendered":"G\u00fcnstige Hausr\u00e4umung"},"content":{"rendered":"<h2 class=\"wp-block-heading\">G\u00fcnstiger Ausverkauf<\/h2>\n\n\n\n<p>Bei so vielen Anbietern ist es oft schwierig, die Profis von den Pennern, Einfaltspinseln und Gaunern zu unterscheiden. Allzu oft h\u00f6ren wir Geschichten von Leuten, die ihr Haus billig r\u00e4umen wollten, aber am Ende viel mehr bezahlen mussten, weil es Probleme gab. Mit STERK erh\u00e4ltst du einen Kostenvoranschlag im Voraus und keine zus\u00e4tzlichen Kosten im Nachhinein.<\/p>\n\n\n\n<h2 class=\"wp-block-heading\">Billiges Abr\u00e4umen kann man machen!<\/h2>\n\n\n\n<p>Bei STERK R\u00e4umungen bekommst du einen wettbewerbsf\u00e4higen Preis f\u00fcr eine R\u00e4umung, um die du dich nicht mehr k\u00fcmmern musst. STERK nimmt dir alle Sorgen ab und r\u00e4umt dein Zuhause so, wie es sein sollte. Keine zus\u00e4tzlichen oder versteckten Kosten im Nachhinein. <\/p>\n\n\n\n<p>Eine Immobilie g\u00fcnstig von einem professionellen Team r\u00e4umen zu lassen, ist immer die beste Wahl. Lass dich deshalb nicht von leeren Versprechungen und Preisen verf\u00fchren, die zu gut sind, um wahr zu sein. STERK steht f\u00fcr transparente Preise und 100% Zufriedenheit.<\/p>","protected":false},"excerpt":{"rendered":"<p>Goedkoop ontruimen Door de vele aanbieders is het vaak lastig om professionals te scheiden van de beunhazen, eenpitters en oplichters. Maar al te vaak horen we verhalen van mensen die goedkoop hun woning wilde laten ontruimen maar uiteindelijk veel duurder uit waren door addertjes onder het gras. Bij STERK ontvang je van ons een prijsopgave [&hellip;]<\/p>\n","protected":false},"author":1,"featured_media":804,"parent":0,"menu_order":0,"comment_status":"closed","ping_status":"closed","template":"","meta":{"inline_featured_image":false,"footnotes":""},"categories":[14],"tags":[],"class_list":["post-1815","page","type-page","status-publish","has-post-thumbnail","hentry","category-landingspaginas"],"blocksy_meta":{"styles_descriptor":{"styles":{"desktop":"","tablet":"","mobile":""},"google_fonts":[],"version":6}},"_links":{"self":[{"href":"https:\/\/sterkontruimingen.nl\/de\/wp-json\/wp\/v2\/pages\/1815","targetHints":{"allow":["GET"]}}],"collection":[{"href":"https:\/\/sterkontruimingen.nl\/de\/wp-json\/wp\/v2\/pages"}],"about":[{"href":"https:\/\/sterkontruimingen.nl\/de\/wp-json\/wp\/v2\/types\/page"}],"author":[{"embeddable":true,"href":"https:\/\/sterkontruimingen.nl\/de\/wp-json\/wp\/v2\/users\/1"}],"replies":[{"embeddable":true,"href":"https:\/\/sterkontruimingen.nl\/de\/wp-json\/wp\/v2\/comments?post=1815"}],"version-history":[{"count":0,"href":"https:\/\/sterkontruimingen.nl\/de\/wp-json\/wp\/v2\/pages\/1815\/revisions"}],"wp:featuredmedia":[{"embeddable":true,"href":"https:\/\/sterkontruimingen.nl\/de\/wp-json\/wp\/v2\/media\/804"}],"wp:attachment":[{"href":"https:\/\/sterkontruimingen.nl\/de\/wp-json\/wp\/v2\/media?parent=1815"}],"wp:term":[{"taxonomy":"category","embeddable":true,"href":"https:\/\/sterkontruimingen.nl\/de\/wp-json\/wp\/v2\/categories?post=1815"},{"taxonomy":"post_tag","embeddable":true,"href":"https:\/\/sterkontruimingen.nl\/de\/wp-json\/wp\/v2\/tags?post=1815"}],"curies":[{"name":"wp","href":"https:\/\/api.w.org\/{rel}","templated":true}]}}