{"id":1235,"date":"2020-07-02T14:21:44","date_gmt":"2020-07-02T12:21:44","guid":{"rendered":"http:\/\/sterkontruimingen.nl\/?page_id=1235"},"modified":"2022-05-29T11:26:27","modified_gmt":"2022-05-29T09:26:27","slug":"abrissarbeiten","status":"publish","type":"page","link":"https:\/\/sterkontruimingen.nl\/de\/sloopwerkzaamheden\/","title":{"rendered":"Abrissarbeiten"},"content":{"rendered":"<h2 class=\"wp-block-heading\">Abbrucharbeiten durch STERK Evacuations<\/h2>\n\n\n\n<p>Oft muss vor der Fertigstellung deines Hauses oder deiner Gesch\u00e4ftsr\u00e4ume alles wieder in den urspr\u00fcnglichen Zustand versetzt werden. Du hast die Immobilie umgestaltet oder Trennw\u00e4nde aufgestellt, um B\u00fcros oder eine K\u00fcche einzurichten. Das war f\u00fcr deine Nutzung notwendig, aber dein Vermieter oder Eigent\u00fcmer hat vorher mit dir vereinbart, dass nach der Fertigstellung alles wieder in den urspr\u00fcnglichen Zustand versetzt wird.<\/p>\n\n\n\n<p>STERK Evictions hilft dir, dies zu erreichen. M\u00fcssen Gegenst\u00e4nde entfernt, demontiert oder abgerissen werden? Wir sind gerne f\u00fcr dich da.<\/p>\n\n\n\n<h3 class=\"wp-block-heading\">Arbeitsmethode STERK Evakuierungen<\/h3>\n\n\n\n<h3 class=\"wp-block-heading\">UNSERE ARBEITSWEISE<\/h3>\n\n\n\n<p>Bevor wir dich bei der Entr\u00fcmpelung unterst\u00fctzen, erh\u00e4lt die Familie die M\u00f6glichkeit, zun\u00e4chst alle wertvollen Habseligkeiten aus dem Haus zu entfernen. Wir k\u00fcmmern uns dann um die komplette R\u00e4umung und Lieferung innerhalb weniger Tage. Ist es dringend? Dann k\u00f6nnen wir die R\u00e4umung auch innerhalb von 48 Stunden erledigen.<\/p>\n\n\n\n<ul class=\"wp-block-list\"><li>Laminat-, Teppich- und Fliesenb\u00f6den sowie Planen werden sorgf\u00e4ltig und professionell entfernt.<\/li><li>Alle W\u00e4nde und Decken werden von Schrauben, N\u00e4geln und D\u00fcbeln befreit und deren L\u00f6cher werden sauber versiegelt.<\/li><li>STERK evacuation k\u00fcmmert sich um alle Arbeiten, die n\u00f6tig sind, um das Objekt zu deiner Zufriedenheit zu \u00fcbergeben.<\/li><\/ul>\n\n\n\n<p>Wir arbeiten mit einer Fertigstellungsgarantie. Die Bezahlung erfolgt erst nach der Lieferung. Sind die Dinge immer noch nicht zu deiner Zufriedenheit? Dann k\u00f6nnen wir das jederzeit in Absprache mit dir l\u00f6sen. <\/p>","protected":false},"excerpt":{"rendered":"<p>Sloopwerkzaamheden door STERK Ontruimingen Vaak moeten er voor oplevering van uw woning of bedrijfspand alles teruggebracht worden naar oorspronkelijke staat. U heeft het pand verbouwd of scheidingswanden aangebracht om kantoren of een keuken te maken. Voor uw gebruik was dit nodig, maar uw verhuurder of eigenaar van het pand heeft met u van te voren [&hellip;]<\/p>\n","protected":false},"author":1,"featured_media":1247,"parent":0,"menu_order":0,"comment_status":"closed","ping_status":"closed","template":"","meta":{"inline_featured_image":false,"footnotes":""},"categories":[14],"tags":[],"class_list":["post-1235","page","type-page","status-publish","has-post-thumbnail","hentry","category-landingspaginas"],"blocksy_meta":{"styles_descriptor":{"styles":{"desktop":"","tablet":"","mobile":""},"google_fonts":[],"version":6}},"_links":{"self":[{"href":"https:\/\/sterkontruimingen.nl\/de\/wp-json\/wp\/v2\/pages\/1235","targetHints":{"allow":["GET"]}}],"collection":[{"href":"https:\/\/sterkontruimingen.nl\/de\/wp-json\/wp\/v2\/pages"}],"about":[{"href":"https:\/\/sterkontruimingen.nl\/de\/wp-json\/wp\/v2\/types\/page"}],"author":[{"embeddable":true,"href":"https:\/\/sterkontruimingen.nl\/de\/wp-json\/wp\/v2\/users\/1"}],"replies":[{"embeddable":true,"href":"https:\/\/sterkontruimingen.nl\/de\/wp-json\/wp\/v2\/comments?post=1235"}],"version-history":[{"count":1,"href":"https:\/\/sterkontruimingen.nl\/de\/wp-json\/wp\/v2\/pages\/1235\/revisions"}],"predecessor-version":[{"id":2817,"href":"https:\/\/sterkontruimingen.nl\/de\/wp-json\/wp\/v2\/pages\/1235\/revisions\/2817"}],"wp:featuredmedia":[{"embeddable":true,"href":"https:\/\/sterkontruimingen.nl\/de\/wp-json\/wp\/v2\/media\/1247"}],"wp:attachment":[{"href":"https:\/\/sterkontruimingen.nl\/de\/wp-json\/wp\/v2\/media?parent=1235"}],"wp:term":[{"taxonomy":"category","embeddable":true,"href":"https:\/\/sterkontruimingen.nl\/de\/wp-json\/wp\/v2\/categories?post=1235"},{"taxonomy":"post_tag","embeddable":true,"href":"https:\/\/sterkontruimingen.nl\/de\/wp-json\/wp\/v2\/tags?post=1235"}],"curies":[{"name":"wp","href":"https:\/\/api.w.org\/{rel}","templated":true}]}}