{"id":1230,"date":"2020-07-02T09:16:42","date_gmt":"2020-07-02T07:16:42","guid":{"rendered":"http:\/\/sterkontruimingen.nl\/?page_id=1230"},"modified":"2024-05-27T07:50:03","modified_gmt":"2024-05-27T05:50:03","slug":"reinigung","status":"publish","type":"page","link":"https:\/\/sterkontruimingen.nl\/de\/schoonmaakwerkzaamheden\/","title":{"rendered":"Reinigung"},"content":{"rendered":"<h2 class=\"wp-block-heading\">STERK bringt dein Haus in seinen urspr\u00fcnglichen Zustand zur\u00fcck <\/h2>\n\n\n\n<p>Es lassen sich mehrere Situationen aufz\u00e4hlen, in denen man ein extrem verschmutztes Haus vorfindet. Das passiert \u00f6fter, als du denkst, vor allem, weil Scham eine (unn\u00f6tige!) Rolle spielt. Eine Schande, denn STERK kann jedes Haus in k\u00fcrzester Zeit wieder in seinen urspr\u00fcnglichen Zustand versetzen. Wir haben wirklich schon alles auf dem Gewissen&nbsp;<\/p>\n\n\n\n<p><strong>Ein verschmutztes Zuhause ist oft das Ergebnis von<\/strong>:<\/p>\n\n\n\n<ul class=\"wp-block-list\"><li>Starker Zwang zum Sammeln (Hamsterer)<\/li><li>Schwere Vernachl\u00e4ssigung<\/li><li>Tatort<\/li><li>Ort des Leichenfundes (Blut, K\u00f6rperfl\u00fcssigkeiten, starker Gestank)<\/li><li>Tiere, Sch\u00e4dlinge, etc.<\/li><\/ul>\n\n\n\n<h3 class=\"wp-block-heading\">Diskrete und respektvolle R\u00e4umung<\/h3>\n\n\n\n<p>In vielen F\u00e4llen finden sich Bewohner\/innen oder Interessenvertreter\/innen in einer Situation wieder, in der sie sich f\u00fcr den Zustand der Immobilie sch\u00e4men. Verst\u00e4ndlich, aber unn\u00f6tig. STERK hat das alles schon gesehen und wir wissen (leider), welche Ursachen einem stark verschmutzten Haus zugrunde liegen k\u00f6nnen.&nbsp;<\/p>\n\n\n\n<p>STERK R\u00e4umung bietet eine ansprechbare, praktische und humane L\u00f6sung. Gemeinsam mit dir erstellen wir einen Aktionsplan, um das verschmutzte Haus wieder in seinen urspr\u00fcnglichen Zustand zu versetzen.&nbsp;<\/p>\n\n\n\n<p>Und das alles mit maximaler Diskretion. Bei Bedarf fahren wir in einem wei\u00dfen Transporter ohne Logos und Texte, verbieten Unbefugten strukturell den Zugang und gehen sorgf\u00e4ltig mit pers\u00f6nlichen Gegenst\u00e4nden um, die im Inhalt gefunden werden.&nbsp;<\/p>\n\n\n\n<h3 class=\"wp-block-heading\">STERK R\u00e4umungen k\u00f6nnen umfassen:<\/h3>\n\n\n\n<ul class=\"wp-block-list\"><li>Den Prozess von A bis Z leiten<\/li><li>Klar<\/li><li>Reinigung<\/li><li>Desinfizieren<\/li><li>Geruch entfernen<\/li><li>Umweltfreundliche und kosteng\u00fcnstige Entsorgung von R\u00fcckst\u00e4nden<\/li><li><a href=\"http:\/\/sterkontruimingen.nl\/de\/hausraumung\/reparaturen\/\">Reparaturen<\/a>&nbsp;durchf\u00fchren.<\/li><li>Etc.<\/li><\/ul>\n\n\n\n<h3 class=\"wp-block-heading\">Arbeitsweise von STERK<\/h3>\n\n\n\n<p>Wir kommen gerne kurzfristig zu dir, um die Arbeit zu besprechen und dir einen unverbindlichen Kostenvoranschlag und Zeitplan zu erstellen. Nach der Vereinbarung fangen wir an, zusammen zu arbeiten. Du beh\u00e4ltst immer einen Ansprechpartner und wir bieten eine 100% Zufriedenheitsgarantie. Du zahlst erst nach der Vereinbarung \u00fcber die Lieferung.<\/p>","protected":false},"excerpt":{"rendered":"<p>STERK brengt uw woning in oorspronkelijke staat terug Er zijn verschillende situaties op te noemen waarin een extreem vervuilde woning wordt aangetroffen. Het gebeurt vaker dan u denkt, veelal omdat schaamte een (onnodige!) rol speelt. Zonde, want STERK kan elke woning in korte tijd in originele staat terug brengen. Wij hebben werkelijk alles al eens [&hellip;]<\/p>\n","protected":false},"author":1,"featured_media":1058,"parent":0,"menu_order":0,"comment_status":"closed","ping_status":"closed","template":"","meta":{"inline_featured_image":false,"footnotes":""},"categories":[14],"tags":[],"class_list":["post-1230","page","type-page","status-publish","has-post-thumbnail","hentry","category-landingspaginas"],"blocksy_meta":{"styles_descriptor":{"styles":{"desktop":"","tablet":"","mobile":""},"google_fonts":[],"version":6}},"_links":{"self":[{"href":"https:\/\/sterkontruimingen.nl\/de\/wp-json\/wp\/v2\/pages\/1230","targetHints":{"allow":["GET"]}}],"collection":[{"href":"https:\/\/sterkontruimingen.nl\/de\/wp-json\/wp\/v2\/pages"}],"about":[{"href":"https:\/\/sterkontruimingen.nl\/de\/wp-json\/wp\/v2\/types\/page"}],"author":[{"embeddable":true,"href":"https:\/\/sterkontruimingen.nl\/de\/wp-json\/wp\/v2\/users\/1"}],"replies":[{"embeddable":true,"href":"https:\/\/sterkontruimingen.nl\/de\/wp-json\/wp\/v2\/comments?post=1230"}],"version-history":[{"count":1,"href":"https:\/\/sterkontruimingen.nl\/de\/wp-json\/wp\/v2\/pages\/1230\/revisions"}],"predecessor-version":[{"id":2820,"href":"https:\/\/sterkontruimingen.nl\/de\/wp-json\/wp\/v2\/pages\/1230\/revisions\/2820"}],"wp:featuredmedia":[{"embeddable":true,"href":"https:\/\/sterkontruimingen.nl\/de\/wp-json\/wp\/v2\/media\/1058"}],"wp:attachment":[{"href":"https:\/\/sterkontruimingen.nl\/de\/wp-json\/wp\/v2\/media?parent=1230"}],"wp:term":[{"taxonomy":"category","embeddable":true,"href":"https:\/\/sterkontruimingen.nl\/de\/wp-json\/wp\/v2\/categories?post=1230"},{"taxonomy":"post_tag","embeddable":true,"href":"https:\/\/sterkontruimingen.nl\/de\/wp-json\/wp\/v2\/tags?post=1230"}],"curies":[{"name":"wp","href":"https:\/\/api.w.org\/{rel}","templated":true}]}}