{"id":1224,"date":"2020-07-02T08:52:35","date_gmt":"2020-07-02T06:52:35","guid":{"rendered":"http:\/\/sterkontruimingen.nl\/?page_id=1224"},"modified":"2024-05-27T07:25:30","modified_gmt":"2024-05-27T05:25:30","slug":"gute-zwecke","status":"publish","type":"page","link":"https:\/\/sterkontruimingen.nl\/de\/goede-doelen\/","title":{"rendered":"Gute Gr\u00fcnde"},"content":{"rendered":"<h2 class=\"wp-block-heading\">STERK unterst\u00fctzt New Hope<\/h2>\n\n\n\n<p>STERK unterst\u00fctzt bei der Abholung von Waren <a rel=\"noreferrer noopener\" href=\"https:\/\/nieuwehoop.nl\" target=\"_blank\">Kreis der neuen Hoffnung<\/a>. Indem wir Waren aus einer R\u00e4umung, die noch verk\u00e4uflich sind, an Nieuwe Hoop spenden, sorgen wir daf\u00fcr, dass anderen Menschen mit sch\u00f6nen Dingen geholfen wird, aber Nieuwe Hoop sorgt auch daf\u00fcr, dass Menschen, die es schwer haben, praktische Hilfe, finanzielle Unterst\u00fctzung und ein offenes Ohr bekommen.<\/p>\n\n\n\n<p>Wenn du uns einen Auftrag erteilst, kannst du sicher sein, dass wir alles tun werden, um 1. den M\u00fcllberg zu reduzieren 2. wertvollen Gegenst\u00e4nden ein zweites Leben zu geben 3. Gemeinsam mit dem Secondhand-Laden sortieren und sortieren wir die Sachen f\u00fcr den Verkauf und das Recycling so gut es geht.<\/p>","protected":false},"excerpt":{"rendered":"<p>STERK steunt Nieuwe Hoop STERK steunt met het ophalen van goederen Nieuwe Hoop Kringloop. Door goederen die wij uit een ontruiming tegenkomen die nog verkoopbaar zijn te doneren aan Nieuwe Hoop zorgen we ervoor dat andere mensen geholpen zijn aan mooie spullen maar zorgt Nieuwe Hoop er ook voor dat mensen die het moeilijk hebben [&hellip;]<\/p>\n","protected":false},"author":1,"featured_media":1058,"parent":0,"menu_order":0,"comment_status":"closed","ping_status":"closed","template":"","meta":{"inline_featured_image":false,"footnotes":""},"categories":[14],"tags":[],"class_list":["post-1224","page","type-page","status-publish","has-post-thumbnail","hentry","category-landingspaginas"],"blocksy_meta":{"styles_descriptor":{"styles":{"desktop":"","tablet":"","mobile":""},"google_fonts":[],"version":6}},"_links":{"self":[{"href":"https:\/\/sterkontruimingen.nl\/de\/wp-json\/wp\/v2\/pages\/1224","targetHints":{"allow":["GET"]}}],"collection":[{"href":"https:\/\/sterkontruimingen.nl\/de\/wp-json\/wp\/v2\/pages"}],"about":[{"href":"https:\/\/sterkontruimingen.nl\/de\/wp-json\/wp\/v2\/types\/page"}],"author":[{"embeddable":true,"href":"https:\/\/sterkontruimingen.nl\/de\/wp-json\/wp\/v2\/users\/1"}],"replies":[{"embeddable":true,"href":"https:\/\/sterkontruimingen.nl\/de\/wp-json\/wp\/v2\/comments?post=1224"}],"version-history":[{"count":1,"href":"https:\/\/sterkontruimingen.nl\/de\/wp-json\/wp\/v2\/pages\/1224\/revisions"}],"predecessor-version":[{"id":2803,"href":"https:\/\/sterkontruimingen.nl\/de\/wp-json\/wp\/v2\/pages\/1224\/revisions\/2803"}],"wp:featuredmedia":[{"embeddable":true,"href":"https:\/\/sterkontruimingen.nl\/de\/wp-json\/wp\/v2\/media\/1058"}],"wp:attachment":[{"href":"https:\/\/sterkontruimingen.nl\/de\/wp-json\/wp\/v2\/media?parent=1224"}],"wp:term":[{"taxonomy":"category","embeddable":true,"href":"https:\/\/sterkontruimingen.nl\/de\/wp-json\/wp\/v2\/categories?post=1224"},{"taxonomy":"post_tag","embeddable":true,"href":"https:\/\/sterkontruimingen.nl\/de\/wp-json\/wp\/v2\/tags?post=1224"}],"curies":[{"name":"wp","href":"https:\/\/api.w.org\/{rel}","templated":true}]}}