{"id":1213,"date":"2020-07-02T08:46:07","date_gmt":"2020-07-02T06:46:07","guid":{"rendered":"http:\/\/sterkontruimingen.nl\/?page_id=1213"},"modified":"2022-05-29T11:27:57","modified_gmt":"2022-05-29T09:27:57","slug":"wiedereingliederung","status":"publish","type":"page","link":"https:\/\/sterkontruimingen.nl\/de\/re-integratie\/","title":{"rendered":"Wiedereingliederung bei STERK Zwangsr\u00e4umungen"},"content":{"rendered":"<h2 class=\"wp-block-heading\">Wiedereingliederung bei STERK Zwangsr\u00e4umungen<\/h2>\n\n\n\n<p>Wir von STERK Evictions wollen so vielen Menschen wie m\u00f6glich eine Chance auf Arbeit geben. Deshalb m\u00f6chten wir Menschen bei der Wiedereingliederung helfen. Indem wir ihnen eine gute Anleitung und Struktur bieten, helfen wir ihnen, wieder in einen Arbeitsrhythmus zu kommen. Au\u00dferdem arbeiten wir mit einem netten Team und setzen uns jeden Tag daf\u00fcr ein, dass die Menschen mit unseren Dienstleistungen zufrieden sind.<\/p>\n\n\n\n<p>Wir sind der Meinung, dass das Angebot der Wiedereingliederung Teil der eigenen T\u00e4tigkeit sein sollte, wenn man die M\u00f6glichkeit dazu hat. Durch die Zusammenarbeit mit Wiedereingliederungsagenturen bekommen wir Menschen in unser Team, die das Potenzial haben, weit \u00fcber sich hinauszuwachsen. Wir tun das nicht, indem wir den Druck erh\u00f6hen, sondern indem wir die Menschen entsprechend ihrer F\u00e4higkeiten besch\u00e4ftigen, sie immer wieder ein bisschen mehr fordern und die Gesundheit unserer Mitarbeiter\/innen im Auge behalten.<\/p>\n\n\n\n<p>Bist du daran interessiert, dich wieder bei uns zu integrieren? <a href=\"http:\/\/sterkontruimingen.nl\/de\/kontakt\/\">Dann kontaktiere uns<\/a>.<\/p>","protected":false},"excerpt":{"rendered":"<p>Re-integreren bij STERK Ontruimingen Bij STERK Ontruimingen willen we zoveel mogelijk mensen een kans geven op werk. Daarom helpen we mensen graag re-integreren. Door goede begeleiding en structuur te bieden helpen we op die manier mensen weer in een arbeidsritme te krijgen. Daarnaast werken we met een leuk team en werken we elke dag hard [&hellip;]<\/p>\n","protected":false},"author":1,"featured_media":905,"parent":0,"menu_order":0,"comment_status":"closed","ping_status":"closed","template":"","meta":{"inline_featured_image":false,"footnotes":""},"categories":[14],"tags":[],"class_list":["post-1213","page","type-page","status-publish","has-post-thumbnail","hentry","category-landingspaginas"],"blocksy_meta":{"styles_descriptor":{"styles":{"desktop":"","tablet":"","mobile":""},"google_fonts":[],"version":6}},"_links":{"self":[{"href":"https:\/\/sterkontruimingen.nl\/de\/wp-json\/wp\/v2\/pages\/1213","targetHints":{"allow":["GET"]}}],"collection":[{"href":"https:\/\/sterkontruimingen.nl\/de\/wp-json\/wp\/v2\/pages"}],"about":[{"href":"https:\/\/sterkontruimingen.nl\/de\/wp-json\/wp\/v2\/types\/page"}],"author":[{"embeddable":true,"href":"https:\/\/sterkontruimingen.nl\/de\/wp-json\/wp\/v2\/users\/1"}],"replies":[{"embeddable":true,"href":"https:\/\/sterkontruimingen.nl\/de\/wp-json\/wp\/v2\/comments?post=1213"}],"version-history":[{"count":1,"href":"https:\/\/sterkontruimingen.nl\/de\/wp-json\/wp\/v2\/pages\/1213\/revisions"}],"predecessor-version":[{"id":2808,"href":"https:\/\/sterkontruimingen.nl\/de\/wp-json\/wp\/v2\/pages\/1213\/revisions\/2808"}],"wp:featuredmedia":[{"embeddable":true,"href":"https:\/\/sterkontruimingen.nl\/de\/wp-json\/wp\/v2\/media\/905"}],"wp:attachment":[{"href":"https:\/\/sterkontruimingen.nl\/de\/wp-json\/wp\/v2\/media?parent=1213"}],"wp:term":[{"taxonomy":"category","embeddable":true,"href":"https:\/\/sterkontruimingen.nl\/de\/wp-json\/wp\/v2\/categories?post=1213"},{"taxonomy":"post_tag","embeddable":true,"href":"https:\/\/sterkontruimingen.nl\/de\/wp-json\/wp\/v2\/tags?post=1213"}],"curies":[{"name":"wp","href":"https:\/\/api.w.org\/{rel}","templated":true}]}}