{"id":1199,"date":"2020-07-01T14:07:41","date_gmt":"2020-07-01T12:07:41","guid":{"rendered":"http:\/\/sterkontruimingen.nl\/?page_id=1199"},"modified":"2024-05-27T08:44:24","modified_gmt":"2024-05-27T06:44:24","slug":"immobilienmakler","status":"publish","type":"page","link":"https:\/\/sterkontruimingen.nl\/de\/makelaars\/","title":{"rendered":"R\u00e4umung f\u00fcr Immobilienmakler"},"content":{"rendered":"<h2 class=\"wp-block-heading\">Die L\u00f6sung Immobilienmakler und andere Vermieter<\/h2>\n\n\n\n<p>Wir r\u00e4umen Wohnungen und Gesch\u00e4ftsr\u00e4ume, f\u00fchren (Spezial-)Reinigungen durch und arbeiten&nbsp;<a href=\"http:\/\/sterkontruimingen.nl\/de\/hausraumung\/\">&nbsp;bei einer Hausr\u00e4umung.<\/a><br>Aus diesem Grund ist die STERK-Hausr\u00e4umung ideal f\u00fcr Immobilienmakler, Eigent\u00fcmer und Vermieter im privaten Sektor und kann zu einem g\u00fcnstigen Preis durchgef\u00fchrt werden.&nbsp;<em>Hausr\u00e4umung bringt viel Wert<\/em>. Du veranlasst, dass alle Arbeiten auf einmal erledigt werden, ohne L\u00e4rm und Zwischenrufe. Dadurch sparst du viel Zeit, wir entlasten dich von verschiedenen Aufgaben, damit du dich weiterhin auf dein Gesch\u00e4ft konzentrieren kannst.<\/p>\n\n\n\n<p>Wenn du STERK House Clearances f\u00fcr die verschiedenen T\u00e4tigkeiten beauftragst, kannst du au\u00dferdem meist einen g\u00fcnstigeren Preis erzielen. Ein g\u00fcnstigerer Preis, als wenn du dich f\u00fcr die verschiedenen T\u00e4tigkeiten wie Hausarbeit und Reinigung w\u00e4hrend einer R\u00e4umung an verschiedene Unternehmen wenden m\u00fcsstest.<\/p>\n\n\n\n<p>Au\u00dferdem k\u00f6nnen wir diese Aufgaben bei Bedarf in Kombination mit einem <strong><em><a href=\"http:\/\/sterkontruimingen.nl\/de\/sicherheitsabstande\/\">Notr\u00e4umung eines Hauses<\/a><\/em><\/strong>. In jedem Fall treffen wir immer klare Vereinbarungen, und wenn ein unvorhergesehener Umstand eintritt, teilen wir dir das klar mit und finden immer eine L\u00f6sung, der der Kunde zustimmen kann.<\/p>\n\n\n\n<p>Bei einer<strong>&nbsp;Hausr\u00e4umung<\/strong>&nbsp;Falls n\u00f6tig, entfernen wir (verklebte) Bodenbel\u00e4ge, Vorhangschienen, Leimreste, N\u00e4gel, Schrauben, Lampen usw. Wir k\u00f6nnen auch spezielle Reinigungsarbeiten durchf\u00fchren. Du kannst zum Beispiel daran denken, ein Geb\u00e4ude komplett zu desinfizieren. In den folgenden Situationen werden wir oft um einen&nbsp;<strong>Hausr\u00e4umung:<\/strong><\/p>\n\n\n\n<ul class=\"wp-block-list\"><li>Konkurs Hausr\u00e4umung<\/li><li>Mietr\u00fcckst\u00e4nde<\/li><li>Tod<\/li><li>Auswanderung<\/li><li>\u00f6ffentliche Versteigerung<\/li><li>Umzug<\/li><li>Pflegezimmer \/ Betreutes Wohnen<\/li><li>Scheidung<\/li><\/ul>\n\n\n\n<p>STERK verfolgt einen klaren und ehrlichen Ansatz. Wir vereinbaren immer einen Termin f\u00fcr ein unverbindliches Angebot, besichtigen das Haus und besprechen die Arbeiten mit dir. Wir arbeiten auf der Basis von Pauschalpreisen, damit du genau wei\u00dft, woran du bist und keinen \u00c4rger hinterher hast.<\/p>\n\n\n\n<p><strong><em>Wir r\u00e4umen in \u00dcbereinstimmung mit den Bedingungen der Wohnungsbaugesellschaft&nbsp;<\/em><\/strong><\/p>","protected":false},"excerpt":{"rendered":"<p>D\u00e9 oplossing Makelaars en andere verhuurders Wij ontruimen woningen en bedrijfspanden, verzorgen een (speciale) schoonmaak, en klussen&nbsp;&nbsp;bij een woningontruiming.Daarom is&nbsp;STERK Woningontruimingen ideaal voor Makelaars, vastgoedeigenaren verhuurders in de particuliere sector en kan dit bij een&nbsp;woningontruiming&nbsp;veel meerwaarde geven. U regelt alle te verrichtten werkzaamheden in \u00e9\u00e9n keer, zonder ruis of tussenkomende partijen, dit scheelt u veel [&hellip;]<\/p>\n","protected":false},"author":1,"featured_media":746,"parent":0,"menu_order":0,"comment_status":"closed","ping_status":"closed","template":"","meta":{"inline_featured_image":false,"footnotes":""},"categories":[14],"tags":[],"class_list":["post-1199","page","type-page","status-publish","has-post-thumbnail","hentry","category-landingspaginas"],"blocksy_meta":{"styles_descriptor":{"styles":{"desktop":"","tablet":"","mobile":""},"google_fonts":[],"version":6}},"_links":{"self":[{"href":"https:\/\/sterkontruimingen.nl\/de\/wp-json\/wp\/v2\/pages\/1199","targetHints":{"allow":["GET"]}}],"collection":[{"href":"https:\/\/sterkontruimingen.nl\/de\/wp-json\/wp\/v2\/pages"}],"about":[{"href":"https:\/\/sterkontruimingen.nl\/de\/wp-json\/wp\/v2\/types\/page"}],"author":[{"embeddable":true,"href":"https:\/\/sterkontruimingen.nl\/de\/wp-json\/wp\/v2\/users\/1"}],"replies":[{"embeddable":true,"href":"https:\/\/sterkontruimingen.nl\/de\/wp-json\/wp\/v2\/comments?post=1199"}],"version-history":[{"count":1,"href":"https:\/\/sterkontruimingen.nl\/de\/wp-json\/wp\/v2\/pages\/1199\/revisions"}],"predecessor-version":[{"id":2812,"href":"https:\/\/sterkontruimingen.nl\/de\/wp-json\/wp\/v2\/pages\/1199\/revisions\/2812"}],"wp:featuredmedia":[{"embeddable":true,"href":"https:\/\/sterkontruimingen.nl\/de\/wp-json\/wp\/v2\/media\/746"}],"wp:attachment":[{"href":"https:\/\/sterkontruimingen.nl\/de\/wp-json\/wp\/v2\/media?parent=1199"}],"wp:term":[{"taxonomy":"category","embeddable":true,"href":"https:\/\/sterkontruimingen.nl\/de\/wp-json\/wp\/v2\/categories?post=1199"},{"taxonomy":"post_tag","embeddable":true,"href":"https:\/\/sterkontruimingen.nl\/de\/wp-json\/wp\/v2\/tags?post=1199"}],"curies":[{"name":"wp","href":"https:\/\/api.w.org\/{rel}","templated":true}]}}