{"id":1184,"date":"2020-07-01T13:54:26","date_gmt":"2020-07-01T11:54:26","guid":{"rendered":"http:\/\/sterkontruimingen.nl\/?page_id=1184"},"modified":"2022-05-29T11:27:00","modified_gmt":"2022-05-29T09:27:00","slug":"wohnstiftung-oder-wohnungsbaugesellschaft","status":"publish","type":"page","link":"https:\/\/sterkontruimingen.nl\/de\/woningstichting-of-woningbouwvereniging\/","title":{"rendered":"Wohnstiftung oder Wohnungsbaugesellschaft"},"content":{"rendered":"<h2 class=\"wp-block-heading\">R\u00e4umung in \u00dcbereinstimmung mit deinen Bedingungen<\/h2>\n\n\n\n<p>Es gibt verschiedene Umst\u00e4nde, unter denen du nicht in der Lage bist, eine Immobilie selbst zu r\u00e4umen oder sauber zu \u00fcbergeben. STERK House Clearances unterst\u00fctzt dich gerne bei der R\u00e4umung, Reinigung und Vorbereitung von Wohnungen, Pflegezimmern oder Gesch\u00e4ftsr\u00e4umen f\u00fcr die \u00dcbergabe.<\/p>\n\n\n\n<figure class=\"wp-block-pullquote\"><blockquote><p>WIR R\u00c4UMEN IN \u00dcBEREINSTIMMUNG MIT DEN BEDINGUNGEN DER WOHNUNGSBAUGESELLSCHAFT ODER -GENOSSENSCHAFT <\/p><cite><em>WAS BEDEUTET, DASS DAS OBJEKT IMMER SAUBER UND OHNE SORGEN INNERHALB DER VEREINBARTEN ZEIT \u00dcBERGEBEN WIRD.<\/em><\/cite><\/blockquote><\/figure>\n\n\n\n<p>Wir besuchen dich unverbindlich, um ein schriftliches Angebot zu erstellen, in dem alles genau festgehalten wird.<br>STERK House Clearance legt gro\u00dfen Wert auf die Wiederverwendung von Waren. In Zusammenarbeit mit unserem Recyclingpartner Renewi und der New Hope Foundation bieten wir immer mehr <a href=\"http:\/\/sterkontruimingen.nl\/de\/uber-stark\/#mvo\">Weiteres Vorgehen bei CSR<\/a>. <\/p>\n\n\n\n<p>Bei uns hast du einen einzigen Ansprechpartner f\u00fcr alle Arbeiten und wei\u00dft im Voraus, woran du bist. Dank unserer Erfahrung ist dein Auftrag bei STERK House Clearance in sicheren H\u00e4nden.<\/p>\n\n\n\n<h3 class=\"wp-block-heading\">Unsere Arbeitsmethode<\/h3>\n\n\n\n<p>Bevor wir dich bei der Entr\u00fcmpelung unterst\u00fctzen, erh\u00e4lt die Familie die M\u00f6glichkeit, zun\u00e4chst alle wertvollen Habseligkeiten aus dem Haus zu entfernen. Wir k\u00fcmmern uns dann um die komplette R\u00e4umung und Lieferung innerhalb weniger Tage. Ist es dringend? Dann k\u00f6nnen wir die R\u00e4umung auch innerhalb von 48 Stunden erledigen.<\/p>\n\n\n\n<ul class=\"wp-block-list\"><li>Laminat-, Teppich- und Fliesenb\u00f6den sowie Planen werden sorgf\u00e4ltig und professionell entfernt.<\/li><li>Alle W\u00e4nde und Decken werden von Schrauben, N\u00e4geln und D\u00fcbeln befreit und deren L\u00f6cher werden sauber versiegelt.<\/li><li>STERK evacuation k\u00fcmmert sich um alle Arbeiten, die n\u00f6tig sind, um das Objekt zu deiner Zufriedenheit zu \u00fcbergeben.<\/li><\/ul>","protected":false},"excerpt":{"rendered":"<p>ontruiming conform uw voorwaarden Er zijn verschillende omstandigheden waarbij u zelf niet in staat bent tot het ontruimen of het bezemschoon opleveren van een woning. STERK Woningontruimingen is u graag van dienst bij het ontruimen, schoonmaken en oplevering klaar maken van woningen, zorgkamers of bedrijfspanden. WIJ ONTRUIMEN CONFORM DE VOORWAARDEN VAN WONINGBOUWVERENIGING OF WONINGCORPORATIE DAT [&hellip;]<\/p>\n","protected":false},"author":1,"featured_media":746,"parent":0,"menu_order":0,"comment_status":"closed","ping_status":"closed","template":"","meta":{"inline_featured_image":false,"footnotes":""},"categories":[14],"tags":[],"class_list":["post-1184","page","type-page","status-publish","has-post-thumbnail","hentry","category-landingspaginas"],"blocksy_meta":{"styles_descriptor":{"styles":{"desktop":"","tablet":"","mobile":""},"google_fonts":[],"version":6}},"_links":{"self":[{"href":"https:\/\/sterkontruimingen.nl\/de\/wp-json\/wp\/v2\/pages\/1184","targetHints":{"allow":["GET"]}}],"collection":[{"href":"https:\/\/sterkontruimingen.nl\/de\/wp-json\/wp\/v2\/pages"}],"about":[{"href":"https:\/\/sterkontruimingen.nl\/de\/wp-json\/wp\/v2\/types\/page"}],"author":[{"embeddable":true,"href":"https:\/\/sterkontruimingen.nl\/de\/wp-json\/wp\/v2\/users\/1"}],"replies":[{"embeddable":true,"href":"https:\/\/sterkontruimingen.nl\/de\/wp-json\/wp\/v2\/comments?post=1184"}],"version-history":[{"count":1,"href":"https:\/\/sterkontruimingen.nl\/de\/wp-json\/wp\/v2\/pages\/1184\/revisions"}],"predecessor-version":[{"id":2811,"href":"https:\/\/sterkontruimingen.nl\/de\/wp-json\/wp\/v2\/pages\/1184\/revisions\/2811"}],"wp:featuredmedia":[{"embeddable":true,"href":"https:\/\/sterkontruimingen.nl\/de\/wp-json\/wp\/v2\/media\/746"}],"wp:attachment":[{"href":"https:\/\/sterkontruimingen.nl\/de\/wp-json\/wp\/v2\/media?parent=1184"}],"wp:term":[{"taxonomy":"category","embeddable":true,"href":"https:\/\/sterkontruimingen.nl\/de\/wp-json\/wp\/v2\/categories?post=1184"},{"taxonomy":"post_tag","embeddable":true,"href":"https:\/\/sterkontruimingen.nl\/de\/wp-json\/wp\/v2\/tags?post=1184"}],"curies":[{"name":"wp","href":"https:\/\/api.w.org\/{rel}","templated":true}]}}