{"id":1174,"date":"2020-07-01T10:33:39","date_gmt":"2020-07-01T08:33:39","guid":{"rendered":"http:\/\/sterkontruimingen.nl\/?page_id=1174"},"modified":"2022-05-29T11:26:43","modified_gmt":"2022-05-29T09:26:43","slug":"notar-oder-verwalter","status":"publish","type":"page","link":"https:\/\/sterkontruimingen.nl\/de\/notaris-of-bewindvoerder\/","title":{"rendered":"Notar oder Verwalter"},"content":{"rendered":"<h2 class=\"wp-block-heading\">STERK arbeitet f\u00fcr Notar oder Verwalter<\/h2>\n\n\n\n<p>Immer h\u00e4ufiger entscheiden sich Menschen daf\u00fcr, ein notarielles Testament zu machen, um festzuhalten, was nach ihrem Tod mit ihrem Hausrat geschehen soll. Verteilung von wertvollen Erbst\u00fccken, aber auch Entr\u00fcmpelung oder Schenkung des Hausrats. Nicht selten wird ausdr\u00fccklich festgehalten, dass man nicht m\u00f6chte, dass die n\u00e4chsten Angeh\u00f6rigen den Hausrat ausr\u00e4umen und leeren m\u00fcssen. Jemand kann sich daf\u00fcr entscheiden, wenn es keine unmittelbaren Angeh\u00f6rigen gibt, aber auch, wenn er oder sie das Gef\u00fchl hat, dass diese Belastung f\u00fcr die Angeh\u00f6rigen zu gro\u00df ist oder wenn er oder sie ihnen diese Sorge abnehmen m\u00f6chte.<\/p>\n\n\n\n<p>In beiden F\u00e4llen ist STERK Ontruimingen bereit, die \u00c4rmel hochzukrempeln. Wir arbeiten daher auch gerne eng mit einem Notariat oder Treuh\u00e4nder zusammen, um die Abwicklung abzuschlie\u00dfen. Mit einem professionellen Team sorgen wir daf\u00fcr, dass der Hausrat diskret und respektvoll entsorgt wird. Die Gegenst\u00e4nde, die noch einen Wert haben, werden im Namen des Eigent\u00fcmers an die New Hope Foundation gespendet.<\/p>\n\n\n\n<p>Es kommt auch vor, dass der Notar mit der Abwicklung von Angelegenheiten nach dem Tod von jemandem beauftragt wird, der keine n\u00e4chsten Angeh\u00f6rigen hat und der selbst nichts beurkunden lie\u00df. Der Notar fungiert dann als Testamentsvollstrecker (fr\u00fcher: Willensvollstrecker) und veranlasst die R\u00e4umung.<\/p>\n\n\n\n<h3 class=\"wp-block-heading\">Besichtigung zur Sch\u00e4tzung der Arbeit<\/h3>\n\n\n\n<p>In einem solchen Fall kann sich der Notar nach dem Tod seines Klienten an uns wenden. Wir besprechen die M\u00f6glichkeiten am Telefon und vereinbaren einen Termin zur Besichtigung der Immobilie. Da es sich bei diesem Gesch\u00e4ftszweig immer um ma\u00dfgeschneiderte Arbeiten handelt, ist es sehr wichtig, die Immobilie mit eigenen Augen gesehen zu haben. Wir besprechen dann genau, welche Arbeiten durchgef\u00fchrt werden und wie das Haus \u00fcbergeben wird. Das h\u00e4ngt auch von der Art der Immobilie ab; wenn die Immobilie zum Verkauf steht, ist es oft ratsam, die Teppiche und Lampen an Ort und Stelle zu lassen. Handelt es sich um eine Mietwohnung, verlangt der Vermieter oft, dass die Wohnung bei der \u00dcbergabe komplett leer ist. In diesem Fall k\u00f6nnen wir unter anderem die alten Tapeten und Bodenbel\u00e4ge entfernen und die L\u00f6cher in den W\u00e4nden f\u00fcllen. Alles zu deiner Zufriedenheit.<\/p>\n\n\n\n<h3 class=\"wp-block-heading\">\u00dcbertragung von Eigentum an den Notar<\/h3>\n\n\n\n<p>Wir k\u00f6nnen daf\u00fcr sorgen, dass die Immobilie nach der Fertigstellung verkaufs- oder vermietungsbereit ist. Bei einem Mietobjekt k\u00f6nnen wir uns sogar um die endg\u00fcltige \u00dcbergabe an den Vermieter k\u00fcmmern, einschlie\u00dflich Ablesen der Z\u00e4hlerst\u00e4nde und \u00c4hnlichem.<\/p>\n\n\n\n<p>Wenn ein Haus zum Verkauf steht, k\u00f6nnen wir mit dem Immobilienmakler besprechen, wie die Immobilie am besten fertiggestellt werden kann.<\/p>\n\n\n\n<p><strong>Bist du ein Notar und an unserer Arbeit interessiert?<\/strong> <strong><a href=\"http:\/\/sterkontruimingen.nl\/de\/kontakt\/\">Dann kontaktiere uns.<\/a><\/strong><\/p>","protected":false},"excerpt":{"rendered":"<p>STERK werkt voor notaris of bewindvoerder Men ziet steeds vaker dat mensen besluiten om in een testament bij een notaris vast te laten leggen wat er na hun overlijden met de inboedel moet gebeuren. Het verdelen van waardevolle erfstukken maar ook laten ontruimen of doneren van een inboedel. Niet zelden wordt daar specifiek in opgenomen [&hellip;]<\/p>\n","protected":false},"author":1,"featured_media":1176,"parent":0,"menu_order":0,"comment_status":"closed","ping_status":"closed","template":"","meta":{"inline_featured_image":false,"footnotes":""},"categories":[14],"tags":[],"class_list":["post-1174","page","type-page","status-publish","has-post-thumbnail","hentry","category-landingspaginas"],"blocksy_meta":{"styles_descriptor":{"styles":{"desktop":"","tablet":"","mobile":""},"google_fonts":[],"version":6}},"_links":{"self":[{"href":"https:\/\/sterkontruimingen.nl\/de\/wp-json\/wp\/v2\/pages\/1174","targetHints":{"allow":["GET"]}}],"collection":[{"href":"https:\/\/sterkontruimingen.nl\/de\/wp-json\/wp\/v2\/pages"}],"about":[{"href":"https:\/\/sterkontruimingen.nl\/de\/wp-json\/wp\/v2\/types\/page"}],"author":[{"embeddable":true,"href":"https:\/\/sterkontruimingen.nl\/de\/wp-json\/wp\/v2\/users\/1"}],"replies":[{"embeddable":true,"href":"https:\/\/sterkontruimingen.nl\/de\/wp-json\/wp\/v2\/comments?post=1174"}],"version-history":[{"count":1,"href":"https:\/\/sterkontruimingen.nl\/de\/wp-json\/wp\/v2\/pages\/1174\/revisions"}],"predecessor-version":[{"id":2813,"href":"https:\/\/sterkontruimingen.nl\/de\/wp-json\/wp\/v2\/pages\/1174\/revisions\/2813"}],"wp:featuredmedia":[{"embeddable":true,"href":"https:\/\/sterkontruimingen.nl\/de\/wp-json\/wp\/v2\/media\/1176"}],"wp:attachment":[{"href":"https:\/\/sterkontruimingen.nl\/de\/wp-json\/wp\/v2\/media?parent=1174"}],"wp:term":[{"taxonomy":"category","embeddable":true,"href":"https:\/\/sterkontruimingen.nl\/de\/wp-json\/wp\/v2\/categories?post=1174"},{"taxonomy":"post_tag","embeddable":true,"href":"https:\/\/sterkontruimingen.nl\/de\/wp-json\/wp\/v2\/tags?post=1174"}],"curies":[{"name":"wp","href":"https:\/\/api.w.org\/{rel}","templated":true}]}}