{"id":1159,"date":"2020-06-30T11:52:15","date_gmt":"2020-06-30T09:52:15","guid":{"rendered":"http:\/\/sterkontruimingen.nl\/?page_id=1159"},"modified":"2024-05-27T07:32:31","modified_gmt":"2024-05-27T05:32:31","slug":"hausumzug-nach-dem-tod","status":"publish","type":"page","link":"https:\/\/sterkontruimingen.nl\/de\/huis-leeghalen-na-overlijden\/","title":{"rendered":"Das Haus nach dem Tod leeren"},"content":{"rendered":"<p><strong>Das Haus nach dem Tod leeren<\/strong> eines geliebten Menschen ist oft eine schwere Last. Nach dem Tod eines geliebten Menschen sehen sich die Hinterbliebenen oft mit einer Menge beh\u00f6rdlicher Fragen konfrontiert. Wenn dann auch noch eine Nachlassabwicklung ansteht, ist sie oft kaum zu \u00fcberblicken. Dinge m\u00fcssen sortiert und geordnet werden. Wer beh\u00e4lt was und was kann gehen? Die verbleibenden Gegenst\u00e4nde sind oft \u00fcberw\u00e4ltigend. Alte Eichenschr\u00e4nke, die du nicht verkaufen kannst, heb so etwas einfach mehrere Stockwerke hinunter. <\/p>\n\n\n\n<h3 class=\"wp-block-heading\">STERK hilft trauernden Familien bei der Evakuierung.<\/h3>\n\n\n\n<p>STERK evictions hat eine Menge Erfahrung in deinem Haus komplett <strong>Entleerung nach dem Tod<\/strong>. Wir verpflichten uns, Eigentum diskret und respektvoll zu entsorgen und das, was noch verkaufbar ist, f\u00fcr wohlt\u00e4tige Zwecke zu spenden. Auf diese Weise hast du nicht den zus\u00e4tzlichen Stress einer Zwangsr\u00e4umung und wei\u00dft, dass du bei uns in guten H\u00e4nden bist. Du hast buchst\u00e4blich nichts zu bef\u00fcrchten. Wenn wir Schmuck oder andere Wertgegenst\u00e4nde finden, werden wir das nat\u00fcrlich mit dir besprechen.<\/p>\n\n\n\n<h3 class=\"wp-block-heading\">Wie geht STERK vor?<\/h3>\n\n\n\n<p>Wir besuchen dich immer zuerst. Wenn du einen Kostenvoranschlag bei uns anforderst, schauen wir uns das Haus mit dir an. Wir geben dir dann innerhalb von 48 Stunden nach deiner Anfrage ein Angebot ab (oft geht es auch fr\u00fcher). Hast du es eilig, dein Haus fertigzustellen? Dann k\u00f6nnen wir sogar innerhalb von 48 Stunden ausziehen!<\/p>\n\n\n\n<p>STERK r\u00e4umt das Haus nach dem Tod vollst\u00e4ndig auf. Der gesamte verbliebene Hausrat wird professionell aus dem Haus entfernt. Alle M\u00f6bel, die noch brauchbar sind, werden zu einem Secondhand-Laden gebracht. Wertvoller Hausrat, wie z. B. antike M\u00f6bel, wird zu einem Auktionshaus gebracht. Andere unbrauchbare Gegenst\u00e4nde werden auf die M\u00fcllhalde gebracht.<\/p>\n\n\n\n<h3 class=\"wp-block-heading\">Was passiert nach der R\u00e4umung der Immobilie?<\/h3>\n\n\n\n<p>Nachdem alle Habseligkeiten aus dem Haus ger\u00e4umt wurden, macht STERK das Haus fertig. Fensterverkleidungen und Bodenbel\u00e4ge werden entfernt und L\u00f6cher in den W\u00e4nden abgedichtet. STERK liefert ein Haus zu deiner Zufriedenheit.<\/p>\n\n\n\n<h3 class=\"wp-block-heading\">Liefert STERK das Haus?<\/h3>\n\n\n\n<p>Wohnst du zu weit weg? Oder bist du nicht in der Lage, das Haus selbst zu r\u00e4umen? Dann \u00fcbernimmt STERK das gerne f\u00fcr dich! Wir geben alle Schl\u00fcssel ab und nehmen die letzten Z\u00e4hlerst\u00e4nde auf. Diese werden dir per E-Mail zugesandt, damit du sie an die zust\u00e4ndigen Versorgungsunternehmen weiterleiten kannst.<\/p>\n\n\n\n<h3 class=\"wp-block-heading\">Was sind die KOSTEN bei der R\u00e4umung eines Hauses nach dem Tod?<\/h3>\n\n\n\n<p>Wenn du ein Haus nach dem Tod r\u00e4umen lassen willst, sind damit Kosten verbunden. Die Kosten f\u00fcr die R\u00e4umung eines Hauses sind sehr unterschiedlich. Der Preis f\u00fcr die R\u00e4umung eines Hauses h\u00e4ngt von vielen Faktoren ab. Von der Gr\u00f6\u00dfe des Hauses, der Menge an Habseligkeiten, der Menge an Abfall und den verschiedenen T\u00e4tigkeiten wie: L\u00f6cher stopfen, Vorh\u00e4nge und Gel\u00e4nder entfernen, W\u00e4nde, B\u00f6den und Treppen bearbeiten. STERK Evictions ber\u00fccksichtigt alle Faktoren f\u00fcr deine&nbsp;<a href=\"http:\/\/sterkontruimingen.nl\/de\/ein-angebot-anfordern\/\">Pers\u00f6nliches Angebot<\/a>. <\/p>\n\n\n\n<h3 class=\"wp-block-heading\">Die STERK Fertigstellungsgarantie<\/h3>\n\n\n\n<p>Wenn wir etwas versprechen. dann halten wir es auch. Wir sorgen daf\u00fcr, dass dein Projekt zu deiner Zufriedenheit umgesetzt wird. Dabei setzen wir alle Hebel in Bewegung, um dir einen hervorragenden Service zu bieten. Das ist ein STARKES Versprechen!<\/p>","protected":false},"excerpt":{"rendered":"<p>Huis leeghalen na overlijden van een dierbare is vaak een zware belasting. Na het overlijden van een dierbare zit de nabestaande vaak met een hoop regelzaken. Komt daar ook nog een ontruiming bij kijken, dan is dat vaak bijna niet te overzien. Er moet gesorteerd worden, spullen moeten uitgezocht en gesorteerd worden. Wie houdt wat [&hellip;]<\/p>\n","protected":false},"author":1,"featured_media":1058,"parent":0,"menu_order":0,"comment_status":"closed","ping_status":"closed","template":"","meta":{"inline_featured_image":false,"footnotes":""},"categories":[14],"tags":[],"class_list":["post-1159","page","type-page","status-publish","has-post-thumbnail","hentry","category-landingspaginas"],"blocksy_meta":{"styles_descriptor":{"styles":{"desktop":"","tablet":"","mobile":""},"google_fonts":[],"version":6}},"_links":{"self":[{"href":"https:\/\/sterkontruimingen.nl\/de\/wp-json\/wp\/v2\/pages\/1159","targetHints":{"allow":["GET"]}}],"collection":[{"href":"https:\/\/sterkontruimingen.nl\/de\/wp-json\/wp\/v2\/pages"}],"about":[{"href":"https:\/\/sterkontruimingen.nl\/de\/wp-json\/wp\/v2\/types\/page"}],"author":[{"embeddable":true,"href":"https:\/\/sterkontruimingen.nl\/de\/wp-json\/wp\/v2\/users\/1"}],"replies":[{"embeddable":true,"href":"https:\/\/sterkontruimingen.nl\/de\/wp-json\/wp\/v2\/comments?post=1159"}],"version-history":[{"count":1,"href":"https:\/\/sterkontruimingen.nl\/de\/wp-json\/wp\/v2\/pages\/1159\/revisions"}],"predecessor-version":[{"id":2770,"href":"https:\/\/sterkontruimingen.nl\/de\/wp-json\/wp\/v2\/pages\/1159\/revisions\/2770"}],"wp:featuredmedia":[{"embeddable":true,"href":"https:\/\/sterkontruimingen.nl\/de\/wp-json\/wp\/v2\/media\/1058"}],"wp:attachment":[{"href":"https:\/\/sterkontruimingen.nl\/de\/wp-json\/wp\/v2\/media?parent=1159"}],"wp:term":[{"taxonomy":"category","embeddable":true,"href":"https:\/\/sterkontruimingen.nl\/de\/wp-json\/wp\/v2\/categories?post=1159"},{"taxonomy":"post_tag","embeddable":true,"href":"https:\/\/sterkontruimingen.nl\/de\/wp-json\/wp\/v2\/tags?post=1159"}],"curies":[{"name":"wp","href":"https:\/\/api.w.org\/{rel}","templated":true}]}}